{"id":2,"date":"2014-01-04T12:31:02","date_gmt":"2014-01-04T12:31:02","guid":{"rendered":"http:\/\/skelbtinis.lt\/?page_id=2"},"modified":"2018-04-25T15:30:33","modified_gmt":"2018-04-25T13:30:33","slug":"oro-balionu-remontas","status":"publish","type":"page","link":"https:\/\/balloonservice.lt\/pl\/uslugi\/naprawa-balonow\/","title":{"rendered":"Naprawa balon\u00f3w"},"content":{"rendered":"<p><strong>Naprawa balon\u00f3w <\/strong>\u2013 to praca, kt\u00f3r\u0105 uwielbiamy. Z przyjemno\u015bci\u0105 naprawiamy wszelk\u0105 technik\u0119 w zakresie balon\u00f3w. Wykonujemy remonty kosmetyczne i kapitalne. Obejmuje to balony r\u00f3\u017cnych modeli i producent\u00f3w: Cameron Balloons, Ultra Magic, Kubi\u010diak,\u00a0Schroeder. Nasza praca oczywi\u015bcie nie ogranicza si\u0119 tylko do tkaniny balonu. Naprawiamy tak\u017ce inne cz\u0119\u015bci balon\u00f3w.<\/p>\n<p>Naprawiamy:<\/p>\n<ul>\n<li>Pow\u0142oki balon\u00f3w (p\u0119kni\u0119cia, dziury lub remont kapitalny);<\/li>\n<li>Kosze (renowujemy lub pleciemy nowe);<\/li>\n<li>Palniki (czyszczenie, nadz\u00f3r i wymiana cz\u0119\u015bci);<\/li>\n<li>Wentylatory (nadz\u00f3r i produkcja nowych);<\/li>\n<li>Butle gazowe (kontrola, wymiana zawor\u00f3w).<\/li>\n<\/ul>\n<p>Szyjemy tak\u017ce drobniejsze rzeczy: markery do rzucania na zawodach, torby dla pilot\u00f3w, futera\u0142y do stacji radiowych, ga\u015bnic, apteczek.<\/p>","protected":false},"excerpt":{"rendered":"<p>Naprawa balon\u00f3w \u2013 to praca, kt\u00f3r\u0105 uwielbiamy. Z przyjemno\u015bci\u0105 naprawiamy wszelk\u0105 technik\u0119 w zakresie balon\u00f3w. Wykonujemy remonty kosmetyczne i kapitalne. Obejmuje to balony r\u00f3\u017cnych modeli i producent\u00f3w: Cameron Balloons, Ultra Magic, Kubi\u010diak,\u00a0Schroeder. Nasza praca oczywi\u015bcie nie ogranicza si\u0119 tylko do tkaniny balonu. Naprawiamy tak\u017ce inne cz\u0119\u015bci balon\u00f3w. Naprawiamy: Pow\u0142oki balon\u00f3w &hellip;<\/p>\n","protected":false},"author":1,"featured_media":0,"parent":27,"menu_order":0,"comment_status":"closed","ping_status":"closed","template":"","meta":{"_monsterinsights_skip_tracking":false,"_monsterinsights_sitenote_active":false,"_monsterinsights_sitenote_note":"","_monsterinsights_sitenote_category":0,"spay_email":""},"yoast_head":"<!-- This site is optimized with the Yoast SEO plugin v15.7 - https:\/\/yoast.com\/wordpress\/plugins\/seo\/ -->\n<title>Naprawa balon\u00f3w &ndash; Balloonservice.lt<\/title>\n<meta name=\"robots\" content=\"index, follow, max-snippet:-1, max-image-preview:large, max-video-preview:-1\" \/>\n<link rel=\"canonical\" href=\"https:\/\/balloonservice.lt\/lt\/paslaugos\/oro-balionu-remontas\/\" \/>\n<meta property=\"og:locale\" content=\"pl_PL\" \/>\n<meta property=\"og:type\" content=\"article\" \/>\n<meta property=\"og:title\" content=\"Naprawa balon\u00f3w &ndash; Balloonservice.lt\" \/>\n<meta property=\"og:description\" content=\"Naprawa balon\u00f3w \u2013 to praca, kt\u00f3r\u0105 uwielbiamy. Z przyjemno\u015bci\u0105 naprawiamy wszelk\u0105 technik\u0119 w zakresie balon\u00f3w. Wykonujemy remonty kosmetyczne i kapitalne. Obejmuje to balony r\u00f3\u017cnych modeli i producent\u00f3w: Cameron Balloons, Ultra Magic, Kubi\u010diak,\u00a0Schroeder. Nasza praca oczywi\u015bcie nie ogranicza si\u0119 tylko do tkaniny balonu. Naprawiamy tak\u017ce inne cz\u0119\u015bci balon\u00f3w. Naprawiamy: Pow\u0142oki balon\u00f3w &hellip;\" \/>\n<meta property=\"og:url\" content=\"https:\/\/balloonservice.lt\/lt\/paslaugos\/oro-balionu-remontas\/\" \/>\n<meta property=\"og:site_name\" content=\"Balloonservice.lt\" \/>\n<meta property=\"article:publisher\" content=\"https:\/\/www.facebook.com\/HotAirBalloonService\/\" \/>\n<meta property=\"article:modified_time\" content=\"2018-04-25T13:30:33+00:00\" \/>\n<meta property=\"og:image\" content=\"https:\/\/i0.wp.com\/balloonservice.lt\/wp-content\/uploads\/2016\/09\/cropped-Balloonservice-logo.png?fit=280%2C135&#038;ssl=1\" \/>\n\t<meta property=\"og:image:width\" content=\"280\" \/>\n\t<meta property=\"og:image:height\" content=\"135\" \/>\n<meta name=\"twitter:card\" content=\"summary_large_image\" \/>\n<meta name=\"twitter:label1\" content=\"Est. reading time\">\n\t<meta name=\"twitter:data1\" content=\"2 minuty\">\n<script type=\"application\/ld+json\" class=\"yoast-schema-graph\">{\"@context\":\"https:\/\/schema.org\",\"@graph\":[{\"@type\":\"WebSite\",\"@id\":\"https:\/\/balloonservice.lt\/lt\/#website\",\"url\":\"https:\/\/balloonservice.lt\/lt\/\",\"name\":\"Balloonservice.lt\",\"description\":\"Naprawy balon\\u00f3w i nadz\\u00f3r technicznych\",\"potentialAction\":[{\"@type\":\"SearchAction\",\"target\":\"https:\/\/balloonservice.lt\/lt\/?s={search_term_string}\",\"query-input\":\"required name=search_term_string\"}],\"inLanguage\":\"pl-PL\"},{\"@type\":\"WebPage\",\"@id\":\"https:\/\/balloonservice.lt\/lt\/paslaugos\/oro-balionu-remontas\/#webpage\",\"url\":\"https:\/\/balloonservice.lt\/lt\/paslaugos\/oro-balionu-remontas\/\",\"name\":\"Naprawa balon\\u00f3w &ndash; Balloonservice.lt\",\"isPartOf\":{\"@id\":\"https:\/\/balloonservice.lt\/lt\/#website\"},\"datePublished\":\"2014-01-04T12:31:02+00:00\",\"dateModified\":\"2018-04-25T13:30:33+00:00\",\"inLanguage\":\"pl-PL\",\"potentialAction\":[{\"@type\":\"ReadAction\",\"target\":[\"https:\/\/balloonservice.lt\/lt\/paslaugos\/oro-balionu-remontas\/\"]}]}]}<\/script>\n<!-- \/ Yoast SEO plugin. -->","jetpack_sharing_enabled":true,"jetpack_shortlink":"https:\/\/wp.me\/P8r1Th-2","_links":{"self":[{"href":"https:\/\/balloonservice.lt\/pl\/wp-json\/wp\/v2\/pages\/2"}],"collection":[{"href":"https:\/\/balloonservice.lt\/pl\/wp-json\/wp\/v2\/pages"}],"about":[{"href":"https:\/\/balloonservice.lt\/pl\/wp-json\/wp\/v2\/types\/page"}],"author":[{"embeddable":true,"href":"https:\/\/balloonservice.lt\/pl\/wp-json\/wp\/v2\/users\/1"}],"replies":[{"embeddable":true,"href":"https:\/\/balloonservice.lt\/pl\/wp-json\/wp\/v2\/comments?post=2"}],"version-history":[{"count":11,"href":"https:\/\/balloonservice.lt\/pl\/wp-json\/wp\/v2\/pages\/2\/revisions"}],"predecessor-version":[{"id":423,"href":"https:\/\/balloonservice.lt\/pl\/wp-json\/wp\/v2\/pages\/2\/revisions\/423"}],"up":[{"embeddable":true,"href":"https:\/\/balloonservice.lt\/pl\/wp-json\/wp\/v2\/pages\/27"}],"wp:attachment":[{"href":"https:\/\/balloonservice.lt\/pl\/wp-json\/wp\/v2\/media?parent=2"}],"curies":[{"name":"wp","href":"https:\/\/api.w.org\/{rel}","templated":true}]}}