{"id":16,"date":"2014-01-05T14:34:03","date_gmt":"2014-01-05T14:34:03","guid":{"rendered":"http:\/\/skelbtinis.lt\/?page_id=16"},"modified":"2017-08-18T19:30:26","modified_gmt":"2017-08-18T17:30:26","slug":"technine-informacija","status":"publish","type":"page","link":"https:\/\/balloonservice.lt\/pl\/informacja-techniczna\/","title":{"rendered":"Informacja techniczna"},"content":{"rendered":"<p>Informacja o balonach, wed\u0142ug producent\u00f3w:<\/p>\n<p><a href=\"https:\/\/i1.wp.com\/balloonservice.lt\/wp-content\/uploads\/2016\/11\/cameron-balloons-logo.gif\" rel=\"lightbox-0\"><img loading=\"lazy\" class=\"alignnone wp-image-220 size-full\" src=\"https:\/\/i1.wp.com\/balloonservice.lt\/wp-content\/uploads\/2016\/11\/cameron-balloons-logo.gif?resize=200%2C82\" alt=\"Cameron-Balloons\" width=\"200\" height=\"82\" data-recalc-dims=\"1\" \/><\/a><\/p>\n<p>Cameron Balloons:<\/p>\n<p><a href=\"http:\/\/www.cameronballoons.co.uk\/support#hot-air-balloon-maintenance-manual-en\" target=\"_blank\" rel=\"noopener\">Katalogi<\/a> &#8211; <a href=\"http:\/\/www.cameronballoons.co.uk\/support#service-bulletins\" target=\"_blank\" rel=\"noopener\">Biuletyny serwisu<\/a><\/p>\n<p><a href=\"https:\/\/i2.wp.com\/balloonservice.lt\/wp-content\/uploads\/2016\/11\/kubicek-balloons.jpg\" rel=\"lightbox-1\"><img loading=\"lazy\" class=\"alignnone wp-image-221 size-full\" src=\"https:\/\/i2.wp.com\/balloonservice.lt\/wp-content\/uploads\/2016\/11\/kubicek-balloons.jpg?resize=151%2C200\" alt=\"Kubicek-Balloons\" width=\"151\" height=\"200\" data-recalc-dims=\"1\" \/><\/a><\/p>\n<p>Kubi\u010dek Balloons:<\/p>\n<p><a href=\"http:\/\/www.kubicekballoons.eu\/technical-support\/manuals\" target=\"_blank\" rel=\"noopener\">Katalogi<\/a> &#8211; <a href=\"http:\/\/www.kubicekballoons.eu\/technical-support\/service-bulletins\" target=\"_blank\" rel=\"noopener\">Biuletyny serwisu<\/a><\/p>\n<p><a href=\"https:\/\/i2.wp.com\/balloonservice.lt\/wp-content\/uploads\/2016\/11\/ultramagic-logo.png\" rel=\"lightbox-2\"><img loading=\"lazy\" class=\"alignnone wp-image-223 size-full\" src=\"https:\/\/i2.wp.com\/balloonservice.lt\/wp-content\/uploads\/2016\/11\/ultramagic-logo.png?resize=200%2C100\" alt=\"Ultramagic-Balloons\" width=\"200\" height=\"100\" data-recalc-dims=\"1\" \/><\/a><\/p>\n<p>Ultramagic Balloons:<\/p>\n<p><a href=\"http:\/\/www.ultramagic.com\/balloons\/hot-air-ballon-Technical-Support-s34_109.html\" target=\"_blank\" rel=\"noopener\">Ca\u0142a informacja techniczna<\/a><\/p>\n<p><a href=\"https:\/\/i0.wp.com\/balloonservice.lt\/wp-content\/uploads\/2016\/11\/lindstrand-balloons.jpg\" rel=\"lightbox-3\"><img loading=\"lazy\" class=\"alignnone size-full wp-image-231\" src=\"https:\/\/i0.wp.com\/balloonservice.lt\/wp-content\/uploads\/2016\/11\/lindstrand-balloons.jpg?resize=200%2C283\" alt=\"Lindstrand-Balloons\" width=\"200\" height=\"283\" data-recalc-dims=\"1\" \/><\/a><\/p>\n<p>Lindstrand Balloons:<\/p>\n<p><a href=\"http:\/\/www.lindstrand.co.uk\/help-manuals.php\" target=\"_blank\" rel=\"noopener\">Ca\u0142a informacja techniczna<\/a><\/p>\n<p><a href=\"https:\/\/i0.wp.com\/balloonservice.lt\/wp-content\/uploads\/2016\/11\/schroeder-balloons.jpg\" rel=\"lightbox-4\"><img loading=\"lazy\" class=\"alignnone wp-image-222 size-full\" src=\"https:\/\/i0.wp.com\/balloonservice.lt\/wp-content\/uploads\/2016\/11\/schroeder-balloons.jpg?resize=200%2C70\" alt=\"Schroeder-Balloons\" width=\"200\" height=\"70\" data-recalc-dims=\"1\" \/><\/a><\/p>\n<p>Schroeder Balloons:<\/p>\n<p><a href=\"http:\/\/www.schroederballon.de\/en\/downloads\/maintenance-manual.html\" target=\"_blank\" rel=\"noopener\">Katalog techniczny<\/a><\/p>","protected":false},"excerpt":{"rendered":"<p>Informacja o balonach, wed\u0142ug producent\u00f3w: Cameron Balloons: Katalogi &#8211; Biuletyny serwisu Kubi\u010dek Balloons: Katalogi &#8211; Biuletyny serwisu Ultramagic Balloons: Ca\u0142a informacja techniczna Lindstrand Balloons: Ca\u0142a informacja techniczna Schroeder Balloons: Katalog techniczny<\/p>\n","protected":false},"author":1,"featured_media":0,"parent":0,"menu_order":0,"comment_status":"closed","ping_status":"closed","template":"","meta":{"_monsterinsights_skip_tracking":false,"_monsterinsights_sitenote_active":false,"_monsterinsights_sitenote_note":"","_monsterinsights_sitenote_category":0,"spay_email":""},"yoast_head":"<!-- This site is optimized with the Yoast SEO plugin v15.7 - https:\/\/yoast.com\/wordpress\/plugins\/seo\/ -->\n<title>Informacja techniczna &ndash; Balloonservice.lt<\/title>\n<meta name=\"robots\" content=\"index, follow, max-snippet:-1, max-image-preview:large, max-video-preview:-1\" \/>\n<link rel=\"canonical\" href=\"https:\/\/balloonservice.lt\/lt\/technine-informacija\/\" \/>\n<meta property=\"og:locale\" content=\"pl_PL\" \/>\n<meta property=\"og:type\" content=\"article\" \/>\n<meta property=\"og:title\" content=\"Informacja techniczna &ndash; Balloonservice.lt\" \/>\n<meta property=\"og:description\" content=\"Informacja o balonach, wed\u0142ug producent\u00f3w: Cameron Balloons: Katalogi &#8211; Biuletyny serwisu Kubi\u010dek Balloons: Katalogi &#8211; Biuletyny serwisu Ultramagic Balloons: Ca\u0142a informacja techniczna Lindstrand Balloons: Ca\u0142a informacja techniczna Schroeder Balloons: Katalog techniczny\" \/>\n<meta property=\"og:url\" content=\"https:\/\/balloonservice.lt\/lt\/technine-informacija\/\" \/>\n<meta property=\"og:site_name\" content=\"Balloonservice.lt\" \/>\n<meta property=\"article:publisher\" content=\"https:\/\/www.facebook.com\/HotAirBalloonService\/\" \/>\n<meta property=\"article:modified_time\" content=\"2017-08-18T17:30:26+00:00\" \/>\n<meta property=\"og:image\" content=\"http:\/\/balloonservice.lt\/wp-content\/uploads\/2016\/11\/cameron-balloons-logo.gif\" \/>\n<meta name=\"twitter:card\" content=\"summary_large_image\" \/>\n<meta name=\"twitter:label1\" content=\"Est. reading time\">\n\t<meta name=\"twitter:data1\" content=\"1 minuta\">\n<script type=\"application\/ld+json\" class=\"yoast-schema-graph\">{\"@context\":\"https:\/\/schema.org\",\"@graph\":[{\"@type\":\"WebSite\",\"@id\":\"https:\/\/balloonservice.lt\/lt\/#website\",\"url\":\"https:\/\/balloonservice.lt\/lt\/\",\"name\":\"Balloonservice.lt\",\"description\":\"Naprawy balon\\u00f3w i nadz\\u00f3r technicznych\",\"potentialAction\":[{\"@type\":\"SearchAction\",\"target\":\"https:\/\/balloonservice.lt\/lt\/?s={search_term_string}\",\"query-input\":\"required name=search_term_string\"}],\"inLanguage\":\"pl-PL\"},{\"@type\":\"ImageObject\",\"@id\":\"https:\/\/balloonservice.lt\/lt\/technine-informacija\/#primaryimage\",\"inLanguage\":\"pl-PL\",\"url\":\"http:\/\/balloonservice.lt\/wp-content\/uploads\/2016\/11\/cameron-balloons-logo.gif\"},{\"@type\":\"WebPage\",\"@id\":\"https:\/\/balloonservice.lt\/lt\/technine-informacija\/#webpage\",\"url\":\"https:\/\/balloonservice.lt\/lt\/technine-informacija\/\",\"name\":\"Informacja techniczna &ndash; Balloonservice.lt\",\"isPartOf\":{\"@id\":\"https:\/\/balloonservice.lt\/lt\/#website\"},\"primaryImageOfPage\":{\"@id\":\"https:\/\/balloonservice.lt\/lt\/technine-informacija\/#primaryimage\"},\"datePublished\":\"2014-01-05T14:34:03+00:00\",\"dateModified\":\"2017-08-18T17:30:26+00:00\",\"inLanguage\":\"pl-PL\",\"potentialAction\":[{\"@type\":\"ReadAction\",\"target\":[\"https:\/\/balloonservice.lt\/lt\/technine-informacija\/\"]}]}]}<\/script>\n<!-- \/ Yoast SEO plugin. -->","jetpack_sharing_enabled":true,"jetpack_shortlink":"https:\/\/wp.me\/P8r1Th-g","_links":{"self":[{"href":"https:\/\/balloonservice.lt\/pl\/wp-json\/wp\/v2\/pages\/16"}],"collection":[{"href":"https:\/\/balloonservice.lt\/pl\/wp-json\/wp\/v2\/pages"}],"about":[{"href":"https:\/\/balloonservice.lt\/pl\/wp-json\/wp\/v2\/types\/page"}],"author":[{"embeddable":true,"href":"https:\/\/balloonservice.lt\/pl\/wp-json\/wp\/v2\/users\/1"}],"replies":[{"embeddable":true,"href":"https:\/\/balloonservice.lt\/pl\/wp-json\/wp\/v2\/comments?post=16"}],"version-history":[{"count":8,"href":"https:\/\/balloonservice.lt\/pl\/wp-json\/wp\/v2\/pages\/16\/revisions"}],"predecessor-version":[{"id":378,"href":"https:\/\/balloonservice.lt\/pl\/wp-json\/wp\/v2\/pages\/16\/revisions\/378"}],"wp:attachment":[{"href":"https:\/\/balloonservice.lt\/pl\/wp-json\/wp\/v2\/media?parent=16"}],"curies":[{"name":"wp","href":"https:\/\/api.w.org\/{rel}","templated":true}]}}