{"id":240,"date":"2017-01-07T18:08:47","date_gmt":"2017-01-07T16:08:47","guid":{"rendered":"http:\/\/balloonservice.lt\/lt\/?post_type=product&#038;p=240"},"modified":"2017-12-11T21:23:17","modified_gmt":"2017-12-11T19:23:17","slug":"english-spark-ignitors","status":"publish","type":"product","link":"https:\/\/balloonservice.lt\/lt\/produktas\/kibirksties-sukelejas\/","title":{"rendered":"Kibirk\u0161ties suk\u0117l\u0117jas"},"content":{"rendered":"<p>Naujas kibirk\u0161ties suk\u0117l\u0117jas. Tinka \u012fvairi\u0173 modeli\u0173 oro balion\u0173 degikliams.<\/p>","protected":false},"excerpt":{"rendered":"<p>Parduodami kibirk\u0161ties sukel\u0117jai degikliams.<\/p>\n","protected":false},"featured_media":300,"comment_status":"open","ping_status":"closed","template":"","meta":{"_monsterinsights_skip_tracking":false,"_monsterinsights_sitenote_active":false,"_monsterinsights_sitenote_note":"","_monsterinsights_sitenote_category":0,"spay_email":"","jetpack_publicize_message":"","jetpack_is_tweetstorm":false},"jetpack_publicize_connections":[],"yoast_head":"<!-- This site is optimized with the Yoast SEO plugin v15.7 - https:\/\/yoast.com\/wordpress\/plugins\/seo\/ -->\n<title>Kibirk\u0161ties suk\u0117l\u0117jas &ndash; Balloonservice.lt<\/title>\n<meta name=\"robots\" content=\"index, follow, max-snippet:-1, max-image-preview:large, max-video-preview:-1\" \/>\n<link rel=\"canonical\" href=\"https:\/\/balloonservice.lt\/pl\/produkt\/piezo-zapalnikiem\/\" \/>\n<meta property=\"og:locale\" content=\"lt_LT\" \/>\n<meta property=\"og:type\" content=\"article\" \/>\n<meta property=\"og:title\" content=\"Kibirk\u0161ties suk\u0117l\u0117jas &ndash; Balloonservice.lt\" \/>\n<meta property=\"og:description\" content=\"[:lt]Parduodami kibirk\u0161ties sukel\u0117jai degikliams.[:en]Spark ignitors for sale.[:de]Neue Gas piezoz\u00fcnder zum Verkauf.[:pl]Nowe Piezo zapalnikiem na sprzeda\u017c. [:]\" \/>\n<meta property=\"og:url\" content=\"https:\/\/balloonservice.lt\/pl\/produkt\/piezo-zapalnikiem\/\" \/>\n<meta property=\"og:site_name\" content=\"Balloonservice.lt\" \/>\n<meta property=\"article:publisher\" content=\"https:\/\/www.facebook.com\/HotAirBalloonService\/\" \/>\n<meta property=\"article:modified_time\" content=\"2017-12-11T19:23:17+00:00\" \/>\n<meta property=\"og:image\" content=\"https:\/\/i1.wp.com\/balloonservice.lt\/wp-content\/uploads\/2017\/01\/Spark-ignitors-1.jpg?fit=1920%2C1920&#038;ssl=1\" \/>\n\t<meta property=\"og:image:width\" content=\"1920\" \/>\n\t<meta property=\"og:image:height\" content=\"1920\" \/>\n<meta name=\"twitter:card\" content=\"summary_large_image\" \/>\n<script type=\"application\/ld+json\" class=\"yoast-schema-graph\">{\"@context\":\"https:\/\/schema.org\",\"@graph\":[{\"@type\":\"WebSite\",\"@id\":\"https:\/\/balloonservice.lt\/lt\/#website\",\"url\":\"https:\/\/balloonservice.lt\/lt\/\",\"name\":\"Balloonservice.lt\",\"description\":\"Oro balion\\u0173 remontas ir technin\\u0117 prie\\u017ei\\u016bra\",\"potentialAction\":[{\"@type\":\"SearchAction\",\"target\":\"https:\/\/balloonservice.lt\/lt\/?s={search_term_string}\",\"query-input\":\"required name=search_term_string\"}],\"inLanguage\":\"lt-LT\"},{\"@type\":\"ImageObject\",\"@id\":\"https:\/\/balloonservice.lt\/pl\/produkt\/piezo-zapalnikiem\/#primaryimage\",\"inLanguage\":\"lt-LT\",\"url\":\"https:\/\/i1.wp.com\/balloonservice.lt\/wp-content\/uploads\/2017\/01\/Spark-ignitors-1.jpg?fit=1920%2C1920&ssl=1\",\"width\":1920,\"height\":1920,\"caption\":\"Spark-ignitors for sale\"},{\"@type\":\"WebPage\",\"@id\":\"https:\/\/balloonservice.lt\/pl\/produkt\/piezo-zapalnikiem\/#webpage\",\"url\":\"https:\/\/balloonservice.lt\/pl\/produkt\/piezo-zapalnikiem\/\",\"name\":\"Kibirk\\u0161ties suk\\u0117l\\u0117jas &ndash; Balloonservice.lt\",\"isPartOf\":{\"@id\":\"https:\/\/balloonservice.lt\/lt\/#website\"},\"primaryImageOfPage\":{\"@id\":\"https:\/\/balloonservice.lt\/pl\/produkt\/piezo-zapalnikiem\/#primaryimage\"},\"datePublished\":\"2017-01-07T16:08:47+00:00\",\"dateModified\":\"2017-12-11T19:23:17+00:00\",\"inLanguage\":\"lt-LT\",\"potentialAction\":[{\"@type\":\"ReadAction\",\"target\":[\"https:\/\/balloonservice.lt\/pl\/produkt\/piezo-zapalnikiem\/\"]}]}]}<\/script>\n<!-- \/ Yoast SEO plugin. -->","jetpack_sharing_enabled":true,"_links":{"self":[{"href":"https:\/\/balloonservice.lt\/lt\/wp-json\/wp\/v2\/product\/240"}],"collection":[{"href":"https:\/\/balloonservice.lt\/lt\/wp-json\/wp\/v2\/product"}],"about":[{"href":"https:\/\/balloonservice.lt\/lt\/wp-json\/wp\/v2\/types\/product"}],"replies":[{"embeddable":true,"href":"https:\/\/balloonservice.lt\/lt\/wp-json\/wp\/v2\/comments?post=240"}],"wp:featuredmedia":[{"embeddable":true,"href":"https:\/\/balloonservice.lt\/lt\/wp-json\/wp\/v2\/media\/300"}],"wp:attachment":[{"href":"https:\/\/balloonservice.lt\/lt\/wp-json\/wp\/v2\/media?parent=240"}],"curies":[{"name":"wp","href":"https:\/\/api.w.org\/{rel}","templated":true}]}}