{"id":238,"date":"2017-01-07T17:44:37","date_gmt":"2017-01-07T15:44:37","guid":{"rendered":"http:\/\/balloonservice.lt\/lt\/?post_type=product&#038;p=238"},"modified":"2017-12-11T21:23:55","modified_gmt":"2017-12-11T19:23:55","slug":"fan-props","status":"publish","type":"product","link":"https:\/\/balloonservice.lt\/lt\/produktas\/propeleris\/","title":{"rendered":"Propeleris"},"content":{"rendered":"<p>Naujas ventiliatoriaus propeleris.<\/p>","protected":false},"excerpt":{"rendered":"<p>Parduodamas oro baliono ventiliatoriaus propeleris.<\/p>\n","protected":false},"featured_media":239,"comment_status":"open","ping_status":"closed","template":"","meta":{"_monsterinsights_skip_tracking":false,"_monsterinsights_sitenote_active":false,"_monsterinsights_sitenote_note":"","_monsterinsights_sitenote_category":0,"spay_email":"","jetpack_publicize_message":"","jetpack_is_tweetstorm":false},"jetpack_publicize_connections":[],"yoast_head":"<!-- This site is optimized with the Yoast SEO plugin v15.7 - https:\/\/yoast.com\/wordpress\/plugins\/seo\/ -->\n<title>Propeleris &ndash; Balloonservice.lt<\/title>\n<meta name=\"robots\" content=\"index, follow, max-snippet:-1, max-image-preview:large, max-video-preview:-1\" \/>\n<link rel=\"canonical\" href=\"https:\/\/balloonservice.lt\/lt\/produktas\/propeleris\/\" \/>\n<meta property=\"og:locale\" content=\"lt_LT\" \/>\n<meta property=\"og:type\" content=\"article\" \/>\n<meta property=\"og:title\" content=\"Propeleris &ndash; Balloonservice.lt\" \/>\n<meta property=\"og:description\" content=\"[:lt]Parduodamas oro baliono ventiliatoriaus propeleris.[:en]New wooden fan propeller for sale.[:de]Neue Holzventilatoren stehen zum Verkauf. [:pl]Nowe drewniane wsporniki wentylator\u00f3w s\u0105 na sprzeda\u017c.[:]\" \/>\n<meta property=\"og:url\" content=\"https:\/\/balloonservice.lt\/lt\/produktas\/propeleris\/\" \/>\n<meta property=\"og:site_name\" content=\"Balloonservice.lt\" \/>\n<meta property=\"article:publisher\" content=\"https:\/\/www.facebook.com\/HotAirBalloonService\/\" \/>\n<meta property=\"article:modified_time\" content=\"2017-12-11T19:23:55+00:00\" \/>\n<meta property=\"og:image\" content=\"https:\/\/i2.wp.com\/balloonservice.lt\/wp-content\/uploads\/2017\/01\/fan-props.jpg?fit=1920%2C651&#038;ssl=1\" \/>\n\t<meta property=\"og:image:width\" content=\"1920\" \/>\n\t<meta property=\"og:image:height\" content=\"651\" \/>\n<meta name=\"twitter:card\" content=\"summary_large_image\" \/>\n<script type=\"application\/ld+json\" class=\"yoast-schema-graph\">{\"@context\":\"https:\/\/schema.org\",\"@graph\":[{\"@type\":\"WebSite\",\"@id\":\"https:\/\/balloonservice.lt\/lt\/#website\",\"url\":\"https:\/\/balloonservice.lt\/lt\/\",\"name\":\"Balloonservice.lt\",\"description\":\"Oro balion\\u0173 remontas ir technin\\u0117 prie\\u017ei\\u016bra\",\"potentialAction\":[{\"@type\":\"SearchAction\",\"target\":\"https:\/\/balloonservice.lt\/lt\/?s={search_term_string}\",\"query-input\":\"required name=search_term_string\"}],\"inLanguage\":\"lt-LT\"},{\"@type\":\"ImageObject\",\"@id\":\"https:\/\/balloonservice.lt\/lt\/produktas\/propeleris\/#primaryimage\",\"inLanguage\":\"lt-LT\",\"url\":\"https:\/\/i2.wp.com\/balloonservice.lt\/wp-content\/uploads\/2017\/01\/fan-props.jpg?fit=1920%2C651&ssl=1\",\"width\":1920,\"height\":651,\"caption\":\"fan prop for sale\"},{\"@type\":\"WebPage\",\"@id\":\"https:\/\/balloonservice.lt\/lt\/produktas\/propeleris\/#webpage\",\"url\":\"https:\/\/balloonservice.lt\/lt\/produktas\/propeleris\/\",\"name\":\"Propeleris &ndash; Balloonservice.lt\",\"isPartOf\":{\"@id\":\"https:\/\/balloonservice.lt\/lt\/#website\"},\"primaryImageOfPage\":{\"@id\":\"https:\/\/balloonservice.lt\/lt\/produktas\/propeleris\/#primaryimage\"},\"datePublished\":\"2017-01-07T15:44:37+00:00\",\"dateModified\":\"2017-12-11T19:23:55+00:00\",\"inLanguage\":\"lt-LT\",\"potentialAction\":[{\"@type\":\"ReadAction\",\"target\":[\"https:\/\/balloonservice.lt\/lt\/produktas\/propeleris\/\"]}]}]}<\/script>\n<!-- \/ Yoast SEO plugin. -->","jetpack_sharing_enabled":true,"_links":{"self":[{"href":"https:\/\/balloonservice.lt\/lt\/wp-json\/wp\/v2\/product\/238"}],"collection":[{"href":"https:\/\/balloonservice.lt\/lt\/wp-json\/wp\/v2\/product"}],"about":[{"href":"https:\/\/balloonservice.lt\/lt\/wp-json\/wp\/v2\/types\/product"}],"replies":[{"embeddable":true,"href":"https:\/\/balloonservice.lt\/lt\/wp-json\/wp\/v2\/comments?post=238"}],"wp:featuredmedia":[{"embeddable":true,"href":"https:\/\/balloonservice.lt\/lt\/wp-json\/wp\/v2\/media\/239"}],"wp:attachment":[{"href":"https:\/\/balloonservice.lt\/lt\/wp-json\/wp\/v2\/media?parent=238"}],"curies":[{"name":"wp","href":"https:\/\/api.w.org\/{rel}","templated":true}]}}