{"id":25,"date":"2014-01-05T15:04:35","date_gmt":"2014-01-05T15:04:35","guid":{"rendered":"http:\/\/skelbtinis.lt\/?page_id=25"},"modified":"2017-12-21T15:20:44","modified_gmt":"2017-12-21T13:20:44","slug":"apie-mus","status":"publish","type":"page","link":"https:\/\/balloonservice.lt\/lt\/","title":{"rendered":"Apie Mus"},"content":{"rendered":"<p><a href=\"https:\/\/i1.wp.com\/balloonservice.lt\/wp-content\/uploads\/2014\/01\/Degikliu-remontas.jpg\" rel=\"lightbox-0\"><img loading=\"lazy\" class=\"alignright wp-image-181 size-medium\" src=\"https:\/\/i2.wp.com\/balloonservice.lt\/wp-content\/uploads\/2014\/01\/Degikliu-remontas-300x225.jpg?resize=300%2C225\" alt=\"Degikliu-remontas\" width=\"300\" height=\"225\" srcset=\"https:\/\/i1.wp.com\/balloonservice.lt\/wp-content\/uploads\/2014\/01\/Degikliu-remontas.jpg?resize=300%2C225&amp;ssl=1 300w, https:\/\/i1.wp.com\/balloonservice.lt\/wp-content\/uploads\/2014\/01\/Degikliu-remontas.jpg?resize=768%2C576&amp;ssl=1 768w, https:\/\/i1.wp.com\/balloonservice.lt\/wp-content\/uploads\/2014\/01\/Degikliu-remontas.jpg?w=1024&amp;ssl=1 1024w\" sizes=\"(max-width: 300px) 100vw, 300px\" data-recalc-dims=\"1\" \/><\/a>Oreivyst\u0117 Lietuvoje, per paskutinius 20 met\u0173, spar\u010diai pl\u0117t\u0117si. Oro balion\u0173 kasmet daug\u0117jo, tod\u0117l savo veikl\u0105 prad\u0117jo \u201eBalloonservice\u201c.<\/p>\n<p>M\u016bs\u0173 patirtis siekia jau vir\u0161 25 met\u0173. I\u0161 prad\u017ei\u0173 buvo skraidinami tik keleiviai, v\u0117liau veikla prad\u0117jo pl\u0117stis. Nes skryd\u017eiams naudojami oro balionai, kaip ir visa kita technika reikalavo (ir iki \u0161iol reikalauja) technin\u0117s prie\u017ei\u016bros. \u0160tai kod\u0117l 2005 metais \u201eBalloonservice\u201c gavo savo pirm\u0105j\u012f technin\u0117s prie\u017ei\u016bros sertifikat\u0105 i\u0161 \u201eCameron Balloons\u201c \u012fmon\u0117s.<\/p>\n<p>\u0160iandien \u201eBalloonservice\u201c gali pasi\u016blyti ne tik keleivi\u0173 skraidinimo, bet ir kitokias paslaugas. Pas mus atliekama: <a href=\"http:\/\/balloonservice.lt\/lt\/paslaugos\/oro-balionu-remontas\/\" target=\"_blank\" rel=\"noopener\">oro balion\u0173 remontas<\/a>, <a href=\"http:\/\/balloonservice.lt\/lt\/paslaugos\/reklama-ant-oro-baliono\/\" target=\"_blank\" rel=\"noopener\">reklama ant oro baliono<\/a>, technin\u0117 ap\u017ei\u016bra. Kaip ir smulkesni darbai, tokie kaip degikli\u0173 remontas, krep\u0161i\u0173 pynimas ar renovacija bei oro balion\u0173 kupol\u0173 persiuvimas ir kitoks remontas. Priklausomai nuo kliento poreiki\u0173. Mes taip pat i\u0161ra\u0161ome ir EASA 1 form\u0105, kuri atitinka visus Europos S\u0105jungos keliamus reikalavimus.<\/p>\n<p>Visos i\u0161vardintos paslaugos yra atliekamos \u201eBalloonservice\u201c patalpose, kurios yra \u012fsik\u016brusios viename i\u0161 seniausi\u0173 ir dar veikian\u010di\u0173 Europos oro uost\u0173 (Lietuvos Kauno Aleksoto oro uosto teritorijoje). Beje, Kauno Dariaus ir Gir\u0117no oro uostas neseniai at\u0161vent\u0117 90 \u2013met\u012f.<\/p>\n<p>D\u017eiaugiam\u0117s, kad \u201eBalloonservice\u201c\u00a0\u2013 vieninteliai Baltijos \u0161alyse, si\u016blantys tokio pob\u016bd\u017eio paslaugas. Per daugel\u012f savo gyvavimo met\u0173 sukaup\u0117me did\u017eiul\u012f savo klient\u0173 pasitik\u0117jim\u0105, nes visada suteikiame tik auk\u0161\u010diausios kokyb\u0117s paslaugas!<\/p>","protected":false},"excerpt":{"rendered":"<p>Oreivyst\u0117 Lietuvoje, per paskutinius 20 met\u0173, spar\u010diai pl\u0117t\u0117si. Oro balion\u0173 kasmet daug\u0117jo, tod\u0117l savo veikl\u0105 prad\u0117jo \u201eBalloonservice\u201c. M\u016bs\u0173 patirtis siekia jau vir\u0161 25 met\u0173. I\u0161 prad\u017ei\u0173 buvo skraidinami tik keleiviai, v\u0117liau veikla prad\u0117jo pl\u0117stis. Nes skryd\u017eiams naudojami oro balionai, kaip ir visa kita technika reikalavo (ir iki \u0161iol reikalauja) technin\u0117s &hellip;<\/p>\n","protected":false},"author":1,"featured_media":0,"parent":0,"menu_order":0,"comment_status":"closed","ping_status":"closed","template":"","meta":{"_monsterinsights_skip_tracking":false,"_monsterinsights_sitenote_active":false,"_monsterinsights_sitenote_note":"","_monsterinsights_sitenote_category":0,"spay_email":""},"yoast_head":"<!-- This site is optimized with the Yoast SEO plugin v15.7 - https:\/\/yoast.com\/wordpress\/plugins\/seo\/ -->\n<title>Oro balion\u0173 remontas ir technin\u0117 prie\u017ei\u016bra<\/title>\n<meta name=\"description\" content=\"M\u016bs\u0173 paslaugos apima: kar\u0161to oro balion\u0173 remont\u0105, reklamuojant kar\u0161to oro balionus ir keleivi\u0173 skryd\u017eius Europoje.\" \/>\n<meta name=\"robots\" content=\"index, follow, max-snippet:-1, max-image-preview:large, max-video-preview:-1\" \/>\n<link rel=\"canonical\" href=\"https:\/\/balloonservice.lt\/lt\/\" \/>\n<meta property=\"og:locale\" content=\"lt_LT\" \/>\n<meta property=\"og:type\" content=\"article\" \/>\n<meta property=\"og:title\" content=\"Oro balion\u0173 remontas ir technin\u0117 prie\u017ei\u016bra\" \/>\n<meta property=\"og:description\" content=\"M\u016bs\u0173 paslaugos apima: kar\u0161to oro balion\u0173 remont\u0105, reklamuojant kar\u0161to oro balionus ir keleivi\u0173 skryd\u017eius Europoje.\" \/>\n<meta property=\"og:url\" content=\"https:\/\/balloonservice.lt\/lt\/\" \/>\n<meta property=\"og:site_name\" content=\"Balloonservice.lt\" \/>\n<meta property=\"article:publisher\" content=\"https:\/\/www.facebook.com\/HotAirBalloonService\/\" \/>\n<meta property=\"article:modified_time\" content=\"2017-12-21T13:20:44+00:00\" \/>\n<meta property=\"og:image\" content=\"http:\/\/balloonservice.lt\/wp-content\/uploads\/2014\/01\/Degikliu-remontas-300x225.jpg\" \/>\n<meta name=\"twitter:card\" content=\"summary_large_image\" \/>\n<meta name=\"twitter:label1\" content=\"Est. reading time\">\n\t<meta name=\"twitter:data1\" content=\"5 minut\u0117s\">\n<script type=\"application\/ld+json\" class=\"yoast-schema-graph\">{\"@context\":\"https:\/\/schema.org\",\"@graph\":[{\"@type\":\"WebSite\",\"@id\":\"https:\/\/balloonservice.lt\/lt\/#website\",\"url\":\"https:\/\/balloonservice.lt\/lt\/\",\"name\":\"Balloonservice.lt\",\"description\":\"Oro balion\\u0173 remontas ir technin\\u0117 prie\\u017ei\\u016bra\",\"potentialAction\":[{\"@type\":\"SearchAction\",\"target\":\"https:\/\/balloonservice.lt\/lt\/?s={search_term_string}\",\"query-input\":\"required name=search_term_string\"}],\"inLanguage\":\"lt-LT\"},{\"@type\":\"ImageObject\",\"@id\":\"https:\/\/balloonservice.lt\/lt\/#primaryimage\",\"inLanguage\":\"lt-LT\",\"url\":\"http:\/\/balloonservice.lt\/wp-content\/uploads\/2014\/01\/Degikliu-remontas-300x225.jpg\"},{\"@type\":\"WebPage\",\"@id\":\"https:\/\/balloonservice.lt\/lt\/#webpage\",\"url\":\"https:\/\/balloonservice.lt\/lt\/\",\"name\":\"Oro balion\\u0173 remontas ir technin\\u0117 prie\\u017ei\\u016bra\",\"isPartOf\":{\"@id\":\"https:\/\/balloonservice.lt\/lt\/#website\"},\"primaryImageOfPage\":{\"@id\":\"https:\/\/balloonservice.lt\/lt\/#primaryimage\"},\"datePublished\":\"2014-01-05T15:04:35+00:00\",\"dateModified\":\"2017-12-21T13:20:44+00:00\",\"description\":\"M\\u016bs\\u0173 paslaugos apima: kar\\u0161to oro balion\\u0173 remont\\u0105, reklamuojant kar\\u0161to oro balionus ir keleivi\\u0173 skryd\\u017eius Europoje.\",\"inLanguage\":\"lt-LT\",\"potentialAction\":[{\"@type\":\"ReadAction\",\"target\":[\"https:\/\/balloonservice.lt\/lt\/\"]}]}]}<\/script>\n<!-- \/ Yoast SEO plugin. -->","jetpack_sharing_enabled":true,"jetpack_shortlink":"https:\/\/wp.me\/P8r1Th-p","_links":{"self":[{"href":"https:\/\/balloonservice.lt\/lt\/wp-json\/wp\/v2\/pages\/25"}],"collection":[{"href":"https:\/\/balloonservice.lt\/lt\/wp-json\/wp\/v2\/pages"}],"about":[{"href":"https:\/\/balloonservice.lt\/lt\/wp-json\/wp\/v2\/types\/page"}],"author":[{"embeddable":true,"href":"https:\/\/balloonservice.lt\/lt\/wp-json\/wp\/v2\/users\/1"}],"replies":[{"embeddable":true,"href":"https:\/\/balloonservice.lt\/lt\/wp-json\/wp\/v2\/comments?post=25"}],"version-history":[{"count":54,"href":"https:\/\/balloonservice.lt\/lt\/wp-json\/wp\/v2\/pages\/25\/revisions"}],"predecessor-version":[{"id":397,"href":"https:\/\/balloonservice.lt\/lt\/wp-json\/wp\/v2\/pages\/25\/revisions\/397"}],"wp:attachment":[{"href":"https:\/\/balloonservice.lt\/lt\/wp-json\/wp\/v2\/media?parent=25"}],"curies":[{"name":"wp","href":"https:\/\/api.w.org\/{rel}","templated":true}]}}