{"id":2,"date":"2014-01-04T12:31:02","date_gmt":"2014-01-04T12:31:02","guid":{"rendered":"http:\/\/skelbtinis.lt\/?page_id=2"},"modified":"2018-04-25T15:30:33","modified_gmt":"2018-04-25T13:30:33","slug":"oro-balionu-remontas","status":"publish","type":"page","link":"https:\/\/balloonservice.lt\/lt\/paslaugos\/oro-balionu-remontas\/","title":{"rendered":"Oro balion\u0173 remontas"},"content":{"rendered":"<p>Oro balion\u0173 remontas \u2013 tai darbas, kur\u012f dieviname. Su malonumu remontuojame visoki\u0105 oro balion\u0173 technik\u0105. Atliekame kosmetin\u012f ir kapitalin\u012f remont\u0105. Tai apima \u012fvairi\u0173 modeli\u0173 ir gamintoj\u0173 oro balionus: Cameron Balloons, Ultra Magic, Kubi\u010diak,\u00a0Schroeder. \u017dinoma, kad m\u016bs\u0173 darbas neapsiriboja vien med\u017eiagine oro baliono dalimi. Mes taisome ir kitas oro baliono dalis.<\/p>\n<p>Pas mus yra taisomi:<\/p>\n<ul>\n<li>Oro balion\u0173 kupolai (\u012fply\u0161imai, skyl\u0117s ar kapitalinis remontas);<\/li>\n<li>Krep\u0161iai (atnaujinimas ar nauj\u0173 pynimas);<\/li>\n<li>Degikliai (valymas, prie\u017ei\u016bra ir dali\u0173 keitimas);<\/li>\n<li>Ventiliatoriai (prie\u017ei\u016bra ar nauj\u0173 gamyba);<\/li>\n<li>Duj\u0173 balionai (patikra, vo\u017etuv\u0173 keitimas).<\/li>\n<\/ul>\n<p>Siuvame ir smulkesnius daiktus: var\u017eyboms skirtus m\u0117tymo markerius, pilotams skirtas rankines, radijo sto\u010di\u0173, gesintuv\u0173, vaistin\u0117li\u0173 d\u0117klus.<\/p>","protected":false},"excerpt":{"rendered":"<p>Oro balion\u0173 remontas \u2013 tai darbas, kur\u012f dieviname. Su malonumu remontuojame visoki\u0105 oro balion\u0173 technik\u0105. Atliekame kosmetin\u012f ir kapitalin\u012f remont\u0105. Tai apima \u012fvairi\u0173 modeli\u0173 ir gamintoj\u0173 oro balionus: Cameron Balloons, Ultra Magic, Kubi\u010diak,\u00a0Schroeder. \u017dinoma, kad m\u016bs\u0173 darbas neapsiriboja vien med\u017eiagine oro baliono dalimi. Mes taisome ir kitas oro baliono dalis. &hellip;<\/p>\n","protected":false},"author":1,"featured_media":0,"parent":27,"menu_order":0,"comment_status":"closed","ping_status":"closed","template":"","meta":{"_monsterinsights_skip_tracking":false,"_monsterinsights_sitenote_active":false,"_monsterinsights_sitenote_note":"","_monsterinsights_sitenote_category":0,"spay_email":""},"yoast_head":"<!-- This site is optimized with the Yoast SEO plugin v15.7 - https:\/\/yoast.com\/wordpress\/plugins\/seo\/ -->\n<title>Oro balion\u0173 remontas &ndash; Balloonservice.lt<\/title>\n<meta name=\"robots\" content=\"index, follow, max-snippet:-1, max-image-preview:large, max-video-preview:-1\" \/>\n<link rel=\"canonical\" href=\"https:\/\/balloonservice.lt\/lt\/paslaugos\/oro-balionu-remontas\/\" \/>\n<meta property=\"og:locale\" content=\"lt_LT\" \/>\n<meta property=\"og:type\" content=\"article\" \/>\n<meta property=\"og:title\" content=\"Oro balion\u0173 remontas &ndash; Balloonservice.lt\" \/>\n<meta property=\"og:description\" content=\"Oro balion\u0173 remontas \u2013 tai darbas, kur\u012f dieviname. Su malonumu remontuojame visoki\u0105 oro balion\u0173 technik\u0105. Atliekame kosmetin\u012f ir kapitalin\u012f remont\u0105. Tai apima \u012fvairi\u0173 modeli\u0173 ir gamintoj\u0173 oro balionus: Cameron Balloons, Ultra Magic, Kubi\u010diak,\u00a0Schroeder. \u017dinoma, kad m\u016bs\u0173 darbas neapsiriboja vien med\u017eiagine oro baliono dalimi. Mes taisome ir kitas oro baliono dalis. &hellip;\" \/>\n<meta property=\"og:url\" content=\"https:\/\/balloonservice.lt\/lt\/paslaugos\/oro-balionu-remontas\/\" \/>\n<meta property=\"og:site_name\" content=\"Balloonservice.lt\" \/>\n<meta property=\"article:publisher\" content=\"https:\/\/www.facebook.com\/HotAirBalloonService\/\" \/>\n<meta property=\"article:modified_time\" content=\"2018-04-25T13:30:33+00:00\" \/>\n<meta property=\"og:image\" content=\"https:\/\/i0.wp.com\/balloonservice.lt\/wp-content\/uploads\/2016\/09\/cropped-Balloonservice-logo.png?fit=280%2C135&#038;ssl=1\" \/>\n\t<meta property=\"og:image:width\" content=\"280\" \/>\n\t<meta property=\"og:image:height\" content=\"135\" \/>\n<meta name=\"twitter:card\" content=\"summary_large_image\" \/>\n<meta name=\"twitter:label1\" content=\"Est. reading time\">\n\t<meta name=\"twitter:data1\" content=\"2 minut\u0117s\">\n<script type=\"application\/ld+json\" class=\"yoast-schema-graph\">{\"@context\":\"https:\/\/schema.org\",\"@graph\":[{\"@type\":\"WebSite\",\"@id\":\"https:\/\/balloonservice.lt\/lt\/#website\",\"url\":\"https:\/\/balloonservice.lt\/lt\/\",\"name\":\"Balloonservice.lt\",\"description\":\"Oro balion\\u0173 remontas ir technin\\u0117 prie\\u017ei\\u016bra\",\"potentialAction\":[{\"@type\":\"SearchAction\",\"target\":\"https:\/\/balloonservice.lt\/lt\/?s={search_term_string}\",\"query-input\":\"required name=search_term_string\"}],\"inLanguage\":\"lt-LT\"},{\"@type\":\"WebPage\",\"@id\":\"https:\/\/balloonservice.lt\/lt\/paslaugos\/oro-balionu-remontas\/#webpage\",\"url\":\"https:\/\/balloonservice.lt\/lt\/paslaugos\/oro-balionu-remontas\/\",\"name\":\"Oro balion\\u0173 remontas &ndash; Balloonservice.lt\",\"isPartOf\":{\"@id\":\"https:\/\/balloonservice.lt\/lt\/#website\"},\"datePublished\":\"2014-01-04T12:31:02+00:00\",\"dateModified\":\"2018-04-25T13:30:33+00:00\",\"inLanguage\":\"lt-LT\",\"potentialAction\":[{\"@type\":\"ReadAction\",\"target\":[\"https:\/\/balloonservice.lt\/lt\/paslaugos\/oro-balionu-remontas\/\"]}]}]}<\/script>\n<!-- \/ Yoast SEO plugin. -->","jetpack_sharing_enabled":true,"jetpack_shortlink":"https:\/\/wp.me\/P8r1Th-2","_links":{"self":[{"href":"https:\/\/balloonservice.lt\/lt\/wp-json\/wp\/v2\/pages\/2"}],"collection":[{"href":"https:\/\/balloonservice.lt\/lt\/wp-json\/wp\/v2\/pages"}],"about":[{"href":"https:\/\/balloonservice.lt\/lt\/wp-json\/wp\/v2\/types\/page"}],"author":[{"embeddable":true,"href":"https:\/\/balloonservice.lt\/lt\/wp-json\/wp\/v2\/users\/1"}],"replies":[{"embeddable":true,"href":"https:\/\/balloonservice.lt\/lt\/wp-json\/wp\/v2\/comments?post=2"}],"version-history":[{"count":11,"href":"https:\/\/balloonservice.lt\/lt\/wp-json\/wp\/v2\/pages\/2\/revisions"}],"predecessor-version":[{"id":423,"href":"https:\/\/balloonservice.lt\/lt\/wp-json\/wp\/v2\/pages\/2\/revisions\/423"}],"up":[{"embeddable":true,"href":"https:\/\/balloonservice.lt\/lt\/wp-json\/wp\/v2\/pages\/27"}],"wp:attachment":[{"href":"https:\/\/balloonservice.lt\/lt\/wp-json\/wp\/v2\/media?parent=2"}],"curies":[{"name":"wp","href":"https:\/\/api.w.org\/{rel}","templated":true}]}}