{"id":310,"date":"2017-02-20T20:35:23","date_gmt":"2017-02-20T18:35:23","guid":{"rendered":"http:\/\/balloonservice.lt\/lt\/?post_type=product&#038;p=310"},"modified":"2017-12-11T21:14:52","modified_gmt":"2017-12-11T19:14:52","slug":"voztuvo-virve","status":"publish","type":"product","link":"https:\/\/balloonservice.lt\/en\/product\/rip-line-rope\/","title":{"rendered":"Rip line rope"},"content":{"rendered":"<p>New Rip line rope for an envelope for sale.<\/p>","protected":false},"excerpt":{"rendered":"<p>Rip line rope for an envelope for sale.<\/p>\n","protected":false},"featured_media":311,"comment_status":"open","ping_status":"closed","template":"","meta":{"_monsterinsights_skip_tracking":false,"_monsterinsights_sitenote_active":false,"_monsterinsights_sitenote_note":"","_monsterinsights_sitenote_category":0,"spay_email":"","jetpack_publicize_message":"","jetpack_is_tweetstorm":false},"jetpack_publicize_connections":[],"yoast_head":"<!-- This site is optimized with the Yoast SEO plugin v15.7 - https:\/\/yoast.com\/wordpress\/plugins\/seo\/ -->\n<title>Rip line rope &ndash; Balloonservice.lt<\/title>\n<meta name=\"robots\" content=\"index, follow, max-snippet:-1, max-image-preview:large, max-video-preview:-1\" \/>\n<link rel=\"canonical\" href=\"https:\/\/balloonservice.lt\/en\/product\/rip-line-rope\/\" \/>\n<meta property=\"og:locale\" content=\"en_US\" \/>\n<meta property=\"og:type\" content=\"article\" \/>\n<meta property=\"og:title\" content=\"Rip line rope &ndash; Balloonservice.lt\" \/>\n<meta property=\"og:description\" content=\"[:lt]Parduodama oro baliono vo\u017etuvo virv\u0117.[:en]Rip line rope for an envelope for sale.[:de]New Rip Schnur Seil f\u00fcr einen Umschlag zum Verkauf.[:pl]Nowa lina Rip do koperty na sprzeda\u017c.[:]\" \/>\n<meta property=\"og:url\" content=\"https:\/\/balloonservice.lt\/en\/product\/rip-line-rope\/\" \/>\n<meta property=\"og:site_name\" content=\"Balloonservice.lt\" \/>\n<meta property=\"article:publisher\" content=\"https:\/\/www.facebook.com\/HotAirBalloonService\/\" \/>\n<meta property=\"article:modified_time\" content=\"2017-12-11T19:14:52+00:00\" \/>\n<meta property=\"og:image\" content=\"https:\/\/i1.wp.com\/balloonservice.lt\/wp-content\/uploads\/2017\/02\/rip-line.jpg?fit=720%2C960&#038;ssl=1\" \/>\n\t<meta property=\"og:image:width\" content=\"720\" \/>\n\t<meta property=\"og:image:height\" content=\"960\" \/>\n<meta name=\"twitter:card\" content=\"summary_large_image\" \/>\n<script type=\"application\/ld+json\" class=\"yoast-schema-graph\">{\"@context\":\"https:\/\/schema.org\",\"@graph\":[{\"@type\":\"WebSite\",\"@id\":\"https:\/\/balloonservice.lt\/lt\/#website\",\"url\":\"https:\/\/balloonservice.lt\/lt\/\",\"name\":\"Balloonservice.lt\",\"description\":\"Hot air balloon repair and technical inspection services\",\"potentialAction\":[{\"@type\":\"SearchAction\",\"target\":\"https:\/\/balloonservice.lt\/lt\/?s={search_term_string}\",\"query-input\":\"required name=search_term_string\"}],\"inLanguage\":\"en-US\"},{\"@type\":\"ImageObject\",\"@id\":\"https:\/\/balloonservice.lt\/en\/product\/rip-line-rope\/#primaryimage\",\"inLanguage\":\"en-US\",\"url\":\"https:\/\/i1.wp.com\/balloonservice.lt\/wp-content\/uploads\/2017\/02\/rip-line.jpg?fit=720%2C960&ssl=1\",\"width\":720,\"height\":960,\"caption\":\"Rip line for sale\"},{\"@type\":\"WebPage\",\"@id\":\"https:\/\/balloonservice.lt\/en\/product\/rip-line-rope\/#webpage\",\"url\":\"https:\/\/balloonservice.lt\/en\/product\/rip-line-rope\/\",\"name\":\"Rip line rope &ndash; Balloonservice.lt\",\"isPartOf\":{\"@id\":\"https:\/\/balloonservice.lt\/lt\/#website\"},\"primaryImageOfPage\":{\"@id\":\"https:\/\/balloonservice.lt\/en\/product\/rip-line-rope\/#primaryimage\"},\"datePublished\":\"2017-02-20T18:35:23+00:00\",\"dateModified\":\"2017-12-11T19:14:52+00:00\",\"inLanguage\":\"en-US\",\"potentialAction\":[{\"@type\":\"ReadAction\",\"target\":[\"https:\/\/balloonservice.lt\/en\/product\/rip-line-rope\/\"]}]}]}<\/script>\n<!-- \/ Yoast SEO plugin. -->","jetpack_sharing_enabled":true,"_links":{"self":[{"href":"https:\/\/balloonservice.lt\/en\/wp-json\/wp\/v2\/product\/310"}],"collection":[{"href":"https:\/\/balloonservice.lt\/en\/wp-json\/wp\/v2\/product"}],"about":[{"href":"https:\/\/balloonservice.lt\/en\/wp-json\/wp\/v2\/types\/product"}],"replies":[{"embeddable":true,"href":"https:\/\/balloonservice.lt\/en\/wp-json\/wp\/v2\/comments?post=310"}],"wp:featuredmedia":[{"embeddable":true,"href":"https:\/\/balloonservice.lt\/en\/wp-json\/wp\/v2\/media\/311"}],"wp:attachment":[{"href":"https:\/\/balloonservice.lt\/en\/wp-json\/wp\/v2\/media?parent=310"}],"curies":[{"name":"wp","href":"https:\/\/api.w.org\/{rel}","templated":true}]}}