{"id":306,"date":"2017-02-20T19:15:18","date_gmt":"2017-02-20T17:15:18","guid":{"rendered":"http:\/\/balloonservice.lt\/lt\/?post_type=product&#038;p=306"},"modified":"2021-01-14T14:44:26","modified_gmt":"2021-01-14T12:44:26","slug":"termo-lipdukas","status":"publish","type":"product","link":"https:\/\/balloonservice.lt\/en\/product\/temperature-label\/","title":{"rendered":"Temperature label"},"content":{"rendered":"<p>New temperature label for an hot air balloon envelope. Hermet (93C\u2013149C).<\/p>","protected":false},"excerpt":{"rendered":"<p>Temperature label for hot air balloon for sale.<\/p>\n","protected":false},"featured_media":307,"comment_status":"open","ping_status":"closed","template":"","meta":{"_monsterinsights_skip_tracking":false,"_monsterinsights_sitenote_active":false,"_monsterinsights_sitenote_note":"","_monsterinsights_sitenote_category":0,"spay_email":"","jetpack_publicize_message":"","jetpack_is_tweetstorm":false},"jetpack_publicize_connections":[],"yoast_head":"<!-- This site is optimized with the Yoast SEO plugin v15.7 - https:\/\/yoast.com\/wordpress\/plugins\/seo\/ -->\n<title>Temperature label &ndash; Balloonservice.lt<\/title>\n<meta name=\"robots\" content=\"index, follow, max-snippet:-1, max-image-preview:large, max-video-preview:-1\" \/>\n<link rel=\"canonical\" href=\"https:\/\/balloonservice.lt\/pl\/produkt\/etykieta-temperatury\/\" \/>\n<meta property=\"og:locale\" content=\"en_US\" \/>\n<meta property=\"og:type\" content=\"article\" \/>\n<meta property=\"og:title\" content=\"Temperature label &ndash; Balloonservice.lt\" \/>\n<meta property=\"og:description\" content=\"[:lt]Parduodamas oro baliono kupolo termo lipdukas.[:en]Temperature label for hot air balloon for sale.[:de]Neues Temperaturetikett f\u00fcr eine Hei\u00dfluftballonh\u00fclle.[:pl]Nowa etykieta temperatury na kopert\u0119 z gor\u0105cym powietrzem.[:]\" \/>\n<meta property=\"og:url\" content=\"https:\/\/balloonservice.lt\/pl\/produkt\/etykieta-temperatury\/\" \/>\n<meta property=\"og:site_name\" content=\"Balloonservice.lt\" \/>\n<meta property=\"article:publisher\" content=\"https:\/\/www.facebook.com\/HotAirBalloonService\/\" \/>\n<meta property=\"article:modified_time\" content=\"2021-01-14T12:44:26+00:00\" \/>\n<meta property=\"og:image\" content=\"https:\/\/i1.wp.com\/balloonservice.lt\/wp-content\/uploads\/2017\/02\/Temperature-label.jpg?fit=1920%2C1920&#038;ssl=1\" \/>\n\t<meta property=\"og:image:width\" content=\"1920\" \/>\n\t<meta property=\"og:image:height\" content=\"1920\" \/>\n<meta name=\"twitter:card\" content=\"summary_large_image\" \/>\n<script type=\"application\/ld+json\" class=\"yoast-schema-graph\">{\"@context\":\"https:\/\/schema.org\",\"@graph\":[{\"@type\":\"WebSite\",\"@id\":\"https:\/\/balloonservice.lt\/lt\/#website\",\"url\":\"https:\/\/balloonservice.lt\/lt\/\",\"name\":\"Balloonservice.lt\",\"description\":\"Hot air balloon repair and technical inspection services\",\"potentialAction\":[{\"@type\":\"SearchAction\",\"target\":\"https:\/\/balloonservice.lt\/lt\/?s={search_term_string}\",\"query-input\":\"required name=search_term_string\"}],\"inLanguage\":\"en-US\"},{\"@type\":\"ImageObject\",\"@id\":\"https:\/\/balloonservice.lt\/pl\/produkt\/etykieta-temperatury\/#primaryimage\",\"inLanguage\":\"en-US\",\"url\":\"https:\/\/i1.wp.com\/balloonservice.lt\/wp-content\/uploads\/2017\/02\/Temperature-label.jpg?fit=1920%2C1920&ssl=1\",\"width\":1920,\"height\":1920,\"caption\":\"Temperature label for sale\"},{\"@type\":\"WebPage\",\"@id\":\"https:\/\/balloonservice.lt\/pl\/produkt\/etykieta-temperatury\/#webpage\",\"url\":\"https:\/\/balloonservice.lt\/pl\/produkt\/etykieta-temperatury\/\",\"name\":\"Temperature label &ndash; Balloonservice.lt\",\"isPartOf\":{\"@id\":\"https:\/\/balloonservice.lt\/lt\/#website\"},\"primaryImageOfPage\":{\"@id\":\"https:\/\/balloonservice.lt\/pl\/produkt\/etykieta-temperatury\/#primaryimage\"},\"datePublished\":\"2017-02-20T17:15:18+00:00\",\"dateModified\":\"2021-01-14T12:44:26+00:00\",\"inLanguage\":\"en-US\",\"potentialAction\":[{\"@type\":\"ReadAction\",\"target\":[\"https:\/\/balloonservice.lt\/pl\/produkt\/etykieta-temperatury\/\"]}]}]}<\/script>\n<!-- \/ Yoast SEO plugin. -->","jetpack_sharing_enabled":true,"_links":{"self":[{"href":"https:\/\/balloonservice.lt\/en\/wp-json\/wp\/v2\/product\/306"}],"collection":[{"href":"https:\/\/balloonservice.lt\/en\/wp-json\/wp\/v2\/product"}],"about":[{"href":"https:\/\/balloonservice.lt\/en\/wp-json\/wp\/v2\/types\/product"}],"replies":[{"embeddable":true,"href":"https:\/\/balloonservice.lt\/en\/wp-json\/wp\/v2\/comments?post=306"}],"wp:featuredmedia":[{"embeddable":true,"href":"https:\/\/balloonservice.lt\/en\/wp-json\/wp\/v2\/media\/307"}],"wp:attachment":[{"href":"https:\/\/balloonservice.lt\/en\/wp-json\/wp\/v2\/media?parent=306"}],"curies":[{"name":"wp","href":"https:\/\/api.w.org\/{rel}","templated":true}]}}