{"id":286,"date":"2017-02-19T13:43:30","date_gmt":"2017-02-19T11:43:30","guid":{"rendered":"http:\/\/balloonservice.lt\/lt\/?post_type=product&#038;p=286"},"modified":"2017-12-11T21:19:42","modified_gmt":"2017-12-11T19:19:42","slug":"rego-voztuvas","status":"publish","type":"product","link":"https:\/\/balloonservice.lt\/en\/product\/rego-valve-fittings\/","title":{"rendered":"REGO valve fittings"},"content":{"rendered":"<p>New REGO valve fittings for gas tanks.<\/p>","protected":false},"excerpt":{"rendered":"<p>REGO valve fittings for hot air baloon gas tanks for sale.<\/p>\n","protected":false},"featured_media":287,"comment_status":"open","ping_status":"closed","template":"","meta":{"_monsterinsights_skip_tracking":false,"_monsterinsights_sitenote_active":false,"_monsterinsights_sitenote_note":"","_monsterinsights_sitenote_category":0,"spay_email":"","jetpack_publicize_message":"","jetpack_is_tweetstorm":false},"jetpack_publicize_connections":[],"yoast_head":"<!-- This site is optimized with the Yoast SEO plugin v15.7 - https:\/\/yoast.com\/wordpress\/plugins\/seo\/ -->\n<title>REGO valve fittings &ndash; Balloonservice.lt<\/title>\n<meta name=\"robots\" content=\"index, follow, max-snippet:-1, max-image-preview:large, max-video-preview:-1\" \/>\n<link rel=\"canonical\" href=\"https:\/\/balloonservice.lt\/en\/product\/rego-valve-fittings\/\" \/>\n<meta property=\"og:locale\" content=\"en_US\" \/>\n<meta property=\"og:type\" content=\"article\" \/>\n<meta property=\"og:title\" content=\"REGO valve fittings &ndash; Balloonservice.lt\" \/>\n<meta property=\"og:description\" content=\"[:lt]Parduodamas REGO vo\u017etuvas, oro balion\u0173 duj\u0173 buteliui.[:en]REGO valve fittings for hot air baloon gas tanks for sale.[:de]Neue REGO Armaturen f\u00fcr Gastanks.[:pl]Nowe zawory zawor\u00f3w REGO do zbiornik\u00f3w na gaz.[:]\" \/>\n<meta property=\"og:url\" content=\"https:\/\/balloonservice.lt\/en\/product\/rego-valve-fittings\/\" \/>\n<meta property=\"og:site_name\" content=\"Balloonservice.lt\" \/>\n<meta property=\"article:publisher\" content=\"https:\/\/www.facebook.com\/HotAirBalloonService\/\" \/>\n<meta property=\"article:modified_time\" content=\"2017-12-11T19:19:42+00:00\" \/>\n<meta property=\"og:image\" content=\"https:\/\/i0.wp.com\/balloonservice.lt\/wp-content\/uploads\/2017\/02\/Rego.jpg?fit=1875%2C1920&#038;ssl=1\" \/>\n\t<meta property=\"og:image:width\" content=\"1875\" \/>\n\t<meta property=\"og:image:height\" content=\"1920\" \/>\n<meta name=\"twitter:card\" content=\"summary_large_image\" \/>\n<script type=\"application\/ld+json\" class=\"yoast-schema-graph\">{\"@context\":\"https:\/\/schema.org\",\"@graph\":[{\"@type\":\"WebSite\",\"@id\":\"https:\/\/balloonservice.lt\/lt\/#website\",\"url\":\"https:\/\/balloonservice.lt\/lt\/\",\"name\":\"Balloonservice.lt\",\"description\":\"Hot air balloon repair and technical inspection services\",\"potentialAction\":[{\"@type\":\"SearchAction\",\"target\":\"https:\/\/balloonservice.lt\/lt\/?s={search_term_string}\",\"query-input\":\"required name=search_term_string\"}],\"inLanguage\":\"en-US\"},{\"@type\":\"ImageObject\",\"@id\":\"https:\/\/balloonservice.lt\/en\/product\/rego-valve-fittings\/#primaryimage\",\"inLanguage\":\"en-US\",\"url\":\"https:\/\/i0.wp.com\/balloonservice.lt\/wp-content\/uploads\/2017\/02\/Rego.jpg?fit=1875%2C1920&ssl=1\",\"width\":1875,\"height\":1920,\"caption\":\"REGO valve for sale\"},{\"@type\":\"WebPage\",\"@id\":\"https:\/\/balloonservice.lt\/en\/product\/rego-valve-fittings\/#webpage\",\"url\":\"https:\/\/balloonservice.lt\/en\/product\/rego-valve-fittings\/\",\"name\":\"REGO valve fittings &ndash; Balloonservice.lt\",\"isPartOf\":{\"@id\":\"https:\/\/balloonservice.lt\/lt\/#website\"},\"primaryImageOfPage\":{\"@id\":\"https:\/\/balloonservice.lt\/en\/product\/rego-valve-fittings\/#primaryimage\"},\"datePublished\":\"2017-02-19T11:43:30+00:00\",\"dateModified\":\"2017-12-11T19:19:42+00:00\",\"inLanguage\":\"en-US\",\"potentialAction\":[{\"@type\":\"ReadAction\",\"target\":[\"https:\/\/balloonservice.lt\/en\/product\/rego-valve-fittings\/\"]}]}]}<\/script>\n<!-- \/ Yoast SEO plugin. -->","jetpack_sharing_enabled":true,"_links":{"self":[{"href":"https:\/\/balloonservice.lt\/en\/wp-json\/wp\/v2\/product\/286"}],"collection":[{"href":"https:\/\/balloonservice.lt\/en\/wp-json\/wp\/v2\/product"}],"about":[{"href":"https:\/\/balloonservice.lt\/en\/wp-json\/wp\/v2\/types\/product"}],"replies":[{"embeddable":true,"href":"https:\/\/balloonservice.lt\/en\/wp-json\/wp\/v2\/comments?post=286"}],"wp:featuredmedia":[{"embeddable":true,"href":"https:\/\/balloonservice.lt\/en\/wp-json\/wp\/v2\/media\/287"}],"wp:attachment":[{"href":"https:\/\/balloonservice.lt\/en\/wp-json\/wp\/v2\/media?parent=286"}],"curies":[{"name":"wp","href":"https:\/\/api.w.org\/{rel}","templated":true}]}}