{"id":25,"date":"2014-01-05T15:04:35","date_gmt":"2014-01-05T15:04:35","guid":{"rendered":"http:\/\/skelbtinis.lt\/?page_id=25"},"modified":"2017-12-21T15:20:44","modified_gmt":"2017-12-21T13:20:44","slug":"apie-mus","status":"publish","type":"page","link":"https:\/\/balloonservice.lt\/en\/","title":{"rendered":"About Us"},"content":{"rendered":"<p><a href=\"https:\/\/i1.wp.com\/balloonservice.lt\/wp-content\/uploads\/2014\/01\/Degikliu-remontas.jpg\" rel=\"lightbox-0\"><img loading=\"lazy\" class=\"alignright wp-image-181 size-medium\" src=\"https:\/\/i2.wp.com\/balloonservice.lt\/wp-content\/uploads\/2014\/01\/Degikliu-remontas-300x225.jpg?resize=300%2C225\" alt=\"Burner-repair\" width=\"300\" height=\"225\" srcset=\"https:\/\/i1.wp.com\/balloonservice.lt\/wp-content\/uploads\/2014\/01\/Degikliu-remontas.jpg?resize=300%2C225&amp;ssl=1 300w, https:\/\/i1.wp.com\/balloonservice.lt\/wp-content\/uploads\/2014\/01\/Degikliu-remontas.jpg?resize=768%2C576&amp;ssl=1 768w, https:\/\/i1.wp.com\/balloonservice.lt\/wp-content\/uploads\/2014\/01\/Degikliu-remontas.jpg?w=1024&amp;ssl=1 1024w\" sizes=\"(max-width: 300px) 100vw, 300px\" data-recalc-dims=\"1\" \/><\/a><strong>Hot air Balloon<\/strong> industry in Lithuania, during the last 20 years, has been expanding rapidly. That is why we have founded Balloonservice company. To accommodate and help with <strong>repair,<\/strong> <strong>maintenance<\/strong>, <strong>technical inspection<\/strong> and <a href=\"http:\/\/balloonservice.lt\/en\/services\/advertisement-on-hot-air-balloon\/\" target=\"_blank\" rel=\"noopener\">advertisement on Hot air Balloon<\/a>. Our pilots and other staff members has huge experience dealing with these kind of needs.<\/p>\n<p>\u201cBalloonservice\u201d was founded in 2005, when we acquired a license of technical <strong>inspection<\/strong> from one of the baggiest <strong>Balloon<\/strong> manufacturers in England \u2013 \u201cCameron Balloons\u201d. Today \u201cBalloonservice\u201d has expanded heavily and can offer not only passenger caring, but also <a href=\"http:\/\/balloonservice.lt\/en\/services\/hot-air-balloon-repair\/\" target=\"_blank\" rel=\"noopener\">Hot air Balloon repair<\/a> services. Including: fixing of <strong>burners<\/strong> and <strong>baskets<\/strong>, weave, sew up <strong>envelope<\/strong> tears, sew up a new or <strong>repair<\/strong> old ads on an <strong>envelope<\/strong>. Also we make annual <strong>Balloon equipment<\/strong> <strong>inspections<\/strong> too. We provide only the highest quality services. After <strong>repair<\/strong> and\/or <strong>inspection<\/strong> we try out the <strong>equipment<\/strong> ourselves to double check that everything is working and looking as it should be, so it will satisfy our client.<\/p>\n<p>All of these activities are carried out in Balloonservice&#8217;s facility, which is located in one of the oldest, and still operating, air ports in Europe (Lithuania\u2019s Kaunas Aleksotas Airport). This Kaunas Darius and Gir\u0117nas airport has recently celebrated the 90th anniversary.<\/p>\n<p>Balloonservice is the only one in Baltic States, offering such services in very acceptable prices.<\/p>","protected":false},"excerpt":{"rendered":"<p>Hot air Balloon industry in Lithuania, during the last 20 years, has been expanding rapidly. That is why we have founded Balloonservice company. To accommodate and help with repair, maintenance, technical inspection and advertisement on Hot air Balloon. Our pilots and other staff members has huge experience dealing with these &hellip;<\/p>\n","protected":false},"author":1,"featured_media":0,"parent":0,"menu_order":0,"comment_status":"closed","ping_status":"closed","template":"","meta":{"_monsterinsights_skip_tracking":false,"_monsterinsights_sitenote_active":false,"_monsterinsights_sitenote_note":"","_monsterinsights_sitenote_category":0,"spay_email":""},"yoast_head":"<!-- This site is optimized with the Yoast SEO plugin v15.7 - https:\/\/yoast.com\/wordpress\/plugins\/seo\/ -->\n<title>Oro balion\u0173 remontas ir technin\u0117 prie\u017ei\u016bra<\/title>\n<meta name=\"description\" content=\"M\u016bs\u0173 paslaugos apima: kar\u0161to oro balion\u0173 remont\u0105, reklamuojant kar\u0161to oro balionus ir keleivi\u0173 skryd\u017eius Europoje.\" \/>\n<meta name=\"robots\" content=\"index, follow, max-snippet:-1, max-image-preview:large, max-video-preview:-1\" \/>\n<link rel=\"canonical\" href=\"https:\/\/balloonservice.lt\/lt\/\" \/>\n<meta property=\"og:locale\" content=\"en_US\" \/>\n<meta property=\"og:type\" content=\"article\" \/>\n<meta property=\"og:title\" content=\"Oro balion\u0173 remontas ir technin\u0117 prie\u017ei\u016bra\" \/>\n<meta property=\"og:description\" content=\"M\u016bs\u0173 paslaugos apima: kar\u0161to oro balion\u0173 remont\u0105, reklamuojant kar\u0161to oro balionus ir keleivi\u0173 skryd\u017eius Europoje.\" \/>\n<meta property=\"og:url\" content=\"https:\/\/balloonservice.lt\/lt\/\" \/>\n<meta property=\"og:site_name\" content=\"Balloonservice.lt\" \/>\n<meta property=\"article:publisher\" content=\"https:\/\/www.facebook.com\/HotAirBalloonService\/\" \/>\n<meta property=\"article:modified_time\" content=\"2017-12-21T13:20:44+00:00\" \/>\n<meta property=\"og:image\" content=\"http:\/\/balloonservice.lt\/wp-content\/uploads\/2014\/01\/Degikliu-remontas-300x225.jpg\" \/>\n<meta name=\"twitter:card\" content=\"summary_large_image\" \/>\n<meta name=\"twitter:label1\" content=\"Est. reading time\">\n\t<meta name=\"twitter:data1\" content=\"5 minutes\">\n<script type=\"application\/ld+json\" class=\"yoast-schema-graph\">{\"@context\":\"https:\/\/schema.org\",\"@graph\":[{\"@type\":\"WebSite\",\"@id\":\"https:\/\/balloonservice.lt\/lt\/#website\",\"url\":\"https:\/\/balloonservice.lt\/lt\/\",\"name\":\"Balloonservice.lt\",\"description\":\"Hot air balloon repair and technical inspection services\",\"potentialAction\":[{\"@type\":\"SearchAction\",\"target\":\"https:\/\/balloonservice.lt\/lt\/?s={search_term_string}\",\"query-input\":\"required name=search_term_string\"}],\"inLanguage\":\"en-US\"},{\"@type\":\"ImageObject\",\"@id\":\"https:\/\/balloonservice.lt\/lt\/#primaryimage\",\"inLanguage\":\"en-US\",\"url\":\"http:\/\/balloonservice.lt\/wp-content\/uploads\/2014\/01\/Degikliu-remontas-300x225.jpg\"},{\"@type\":\"WebPage\",\"@id\":\"https:\/\/balloonservice.lt\/lt\/#webpage\",\"url\":\"https:\/\/balloonservice.lt\/lt\/\",\"name\":\"Oro balion\\u0173 remontas ir technin\\u0117 prie\\u017ei\\u016bra\",\"isPartOf\":{\"@id\":\"https:\/\/balloonservice.lt\/lt\/#website\"},\"primaryImageOfPage\":{\"@id\":\"https:\/\/balloonservice.lt\/lt\/#primaryimage\"},\"datePublished\":\"2014-01-05T15:04:35+00:00\",\"dateModified\":\"2017-12-21T13:20:44+00:00\",\"description\":\"M\\u016bs\\u0173 paslaugos apima: kar\\u0161to oro balion\\u0173 remont\\u0105, reklamuojant kar\\u0161to oro balionus ir keleivi\\u0173 skryd\\u017eius Europoje.\",\"inLanguage\":\"en-US\",\"potentialAction\":[{\"@type\":\"ReadAction\",\"target\":[\"https:\/\/balloonservice.lt\/lt\/\"]}]}]}<\/script>\n<!-- \/ Yoast SEO plugin. -->","jetpack_sharing_enabled":true,"jetpack_shortlink":"https:\/\/wp.me\/P8r1Th-p","_links":{"self":[{"href":"https:\/\/balloonservice.lt\/en\/wp-json\/wp\/v2\/pages\/25"}],"collection":[{"href":"https:\/\/balloonservice.lt\/en\/wp-json\/wp\/v2\/pages"}],"about":[{"href":"https:\/\/balloonservice.lt\/en\/wp-json\/wp\/v2\/types\/page"}],"author":[{"embeddable":true,"href":"https:\/\/balloonservice.lt\/en\/wp-json\/wp\/v2\/users\/1"}],"replies":[{"embeddable":true,"href":"https:\/\/balloonservice.lt\/en\/wp-json\/wp\/v2\/comments?post=25"}],"version-history":[{"count":54,"href":"https:\/\/balloonservice.lt\/en\/wp-json\/wp\/v2\/pages\/25\/revisions"}],"predecessor-version":[{"id":397,"href":"https:\/\/balloonservice.lt\/en\/wp-json\/wp\/v2\/pages\/25\/revisions\/397"}],"wp:attachment":[{"href":"https:\/\/balloonservice.lt\/en\/wp-json\/wp\/v2\/media?parent=25"}],"curies":[{"name":"wp","href":"https:\/\/api.w.org\/{rel}","templated":true}]}}