{"id":308,"date":"2017-02-20T20:11:01","date_gmt":"2017-02-20T18:11:01","guid":{"rendered":"http:\/\/balloonservice.lt\/lt\/?post_type=product&#038;p=308"},"modified":"2017-12-11T21:15:40","modified_gmt":"2017-12-11T19:15:40","slug":"slegio-voztuvas","status":"publish","type":"product","link":"https:\/\/balloonservice.lt\/de\/produkt\/uberdruckventil\/","title":{"rendered":"\u00dcberdruckventil"},"content":{"rendered":"<p><span id=\"result_box\" class=\"\" lang=\"de\"><span class=\"\">Neues \u00dcberdruckventil f\u00fcr Hei\u00dfluftballon-Kraftstofftanks.<\/span><\/span><\/p>","protected":false},"excerpt":{"rendered":"<p><span id=\"result_box\" class=\"\" lang=\"de\"><span class=\"\">Neues \u00dcberdruckventil f\u00fcr Hei\u00dfluftballon-Kraftstofftanks.<\/span><\/span><\/p>\n","protected":false},"featured_media":309,"comment_status":"open","ping_status":"closed","template":"","meta":{"_monsterinsights_skip_tracking":false,"_monsterinsights_sitenote_active":false,"_monsterinsights_sitenote_note":"","_monsterinsights_sitenote_category":0,"spay_email":"","jetpack_publicize_message":"","jetpack_is_tweetstorm":false},"jetpack_publicize_connections":[],"yoast_head":"<!-- This site is optimized with the Yoast SEO plugin v15.7 - https:\/\/yoast.com\/wordpress\/plugins\/seo\/ -->\n<title>\u00dcberdruckventil &ndash; Balloonservice.lt<\/title>\n<meta name=\"robots\" content=\"index, follow, max-snippet:-1, max-image-preview:large, max-video-preview:-1\" \/>\n<link rel=\"canonical\" href=\"https:\/\/balloonservice.lt\/en\/product\/pressure-relief-valve\/\" \/>\n<meta property=\"og:locale\" content=\"de_DE\" \/>\n<meta property=\"og:type\" content=\"article\" \/>\n<meta property=\"og:title\" content=\"\u00dcberdruckventil &ndash; Balloonservice.lt\" \/>\n<meta property=\"og:description\" content=\"[:lt]Parduodamas sl\u0117gio vo\u017etuvas.[:en]Pressure relife valve for sale.[:de]Neues \u00dcberdruckventil f\u00fcr Hei\u00dfluftballon-Kraftstofftanks.[:pl]Nowy zaw\u00f3r upustowy do zbiornik\u00f3w z balonem na gor\u0105ce powietrze.[:]\" \/>\n<meta property=\"og:url\" content=\"https:\/\/balloonservice.lt\/en\/product\/pressure-relief-valve\/\" \/>\n<meta property=\"og:site_name\" content=\"Balloonservice.lt\" \/>\n<meta property=\"article:publisher\" content=\"https:\/\/www.facebook.com\/HotAirBalloonService\/\" \/>\n<meta property=\"article:modified_time\" content=\"2017-12-11T19:15:40+00:00\" \/>\n<meta property=\"og:image\" content=\"https:\/\/i2.wp.com\/balloonservice.lt\/wp-content\/uploads\/2017\/02\/Pressure-relife-valve.jpg?fit=1662%2C1920&#038;ssl=1\" \/>\n\t<meta property=\"og:image:width\" content=\"1662\" \/>\n\t<meta property=\"og:image:height\" content=\"1920\" \/>\n<meta name=\"twitter:card\" content=\"summary_large_image\" \/>\n<script type=\"application\/ld+json\" class=\"yoast-schema-graph\">{\"@context\":\"https:\/\/schema.org\",\"@graph\":[{\"@type\":\"WebSite\",\"@id\":\"https:\/\/balloonservice.lt\/lt\/#website\",\"url\":\"https:\/\/balloonservice.lt\/lt\/\",\"name\":\"Balloonservice.lt\",\"description\":\"Reparatur von Gasballons und technische \\u00dcberwachung\",\"potentialAction\":[{\"@type\":\"SearchAction\",\"target\":\"https:\/\/balloonservice.lt\/lt\/?s={search_term_string}\",\"query-input\":\"required name=search_term_string\"}],\"inLanguage\":\"de\"},{\"@type\":\"ImageObject\",\"@id\":\"https:\/\/balloonservice.lt\/en\/product\/pressure-relief-valve\/#primaryimage\",\"inLanguage\":\"de\",\"url\":\"https:\/\/i2.wp.com\/balloonservice.lt\/wp-content\/uploads\/2017\/02\/Pressure-relife-valve.jpg?fit=1662%2C1920&ssl=1\",\"width\":1662,\"height\":1920,\"caption\":\"Pressure relife valve for sale\"},{\"@type\":\"WebPage\",\"@id\":\"https:\/\/balloonservice.lt\/en\/product\/pressure-relief-valve\/#webpage\",\"url\":\"https:\/\/balloonservice.lt\/en\/product\/pressure-relief-valve\/\",\"name\":\"\\u00dcberdruckventil &ndash; Balloonservice.lt\",\"isPartOf\":{\"@id\":\"https:\/\/balloonservice.lt\/lt\/#website\"},\"primaryImageOfPage\":{\"@id\":\"https:\/\/balloonservice.lt\/en\/product\/pressure-relief-valve\/#primaryimage\"},\"datePublished\":\"2017-02-20T18:11:01+00:00\",\"dateModified\":\"2017-12-11T19:15:40+00:00\",\"inLanguage\":\"de\",\"potentialAction\":[{\"@type\":\"ReadAction\",\"target\":[\"https:\/\/balloonservice.lt\/en\/product\/pressure-relief-valve\/\"]}]}]}<\/script>\n<!-- \/ Yoast SEO plugin. -->","jetpack_sharing_enabled":true,"_links":{"self":[{"href":"https:\/\/balloonservice.lt\/de\/wp-json\/wp\/v2\/product\/308"}],"collection":[{"href":"https:\/\/balloonservice.lt\/de\/wp-json\/wp\/v2\/product"}],"about":[{"href":"https:\/\/balloonservice.lt\/de\/wp-json\/wp\/v2\/types\/product"}],"replies":[{"embeddable":true,"href":"https:\/\/balloonservice.lt\/de\/wp-json\/wp\/v2\/comments?post=308"}],"wp:featuredmedia":[{"embeddable":true,"href":"https:\/\/balloonservice.lt\/de\/wp-json\/wp\/v2\/media\/309"}],"wp:attachment":[{"href":"https:\/\/balloonservice.lt\/de\/wp-json\/wp\/v2\/media?parent=308"}],"curies":[{"name":"wp","href":"https:\/\/api.w.org\/{rel}","templated":true}]}}