{"id":27,"date":"2014-01-05T15:04:53","date_gmt":"2014-01-05T15:04:53","guid":{"rendered":"http:\/\/skelbtinis.lt\/?page_id=27"},"modified":"2017-12-17T22:36:04","modified_gmt":"2017-12-17T20:36:04","slug":"paslaugos","status":"publish","type":"page","link":"https:\/\/balloonservice.lt\/de\/dienstleistungen\/","title":{"rendered":"Dienstleistungen"},"content":{"rendered":"<p>Unser Unternehmen erbringt verschiedene Dienstleistungen im Bereich von Gasballons. Wir bieten folgende Dienstleistungen an:<\/p>\n<ul>\n<li>Technische \u00dcberwachung des Luftballons und seiner Vorrichtungen.<\/li>\n<li><a href=\"\/de\/dienstleistungen\/reparatur-von-heisluftballons\/\" target=\"_blank\" rel=\"noopener\">Reparatur von Hei\u00dfluftballons<\/a>, sowohl des Stoffes, als auch aller Vorrichtungen.<\/li>\n<li><a href=\"http:\/\/balloonservice.lt\/de\/dienstleistungen\/werbung-auf-dem-heisluftballon\/\" target=\"_blank\" rel=\"noopener\">Werbung auf dem Hei\u00dfluftballon<\/a>.<\/li>\n<\/ul>\n<p><\/p>","protected":false},"excerpt":{"rendered":"<p>Unser Unternehmen erbringt verschiedene Dienstleistungen im Bereich von Gasballons. Wir bieten folgende Dienstleistungen an: Technische \u00dcberwachung des Luftballons und seiner Vorrichtungen. Reparatur von Hei\u00dfluftballons, sowohl des Stoffes, als auch aller Vorrichtungen. Werbung auf dem Hei\u00dfluftballon.<\/p>\n","protected":false},"author":1,"featured_media":0,"parent":0,"menu_order":0,"comment_status":"closed","ping_status":"closed","template":"","meta":{"_monsterinsights_skip_tracking":false,"_monsterinsights_sitenote_active":false,"_monsterinsights_sitenote_note":"","_monsterinsights_sitenote_category":0,"spay_email":""},"yoast_head":"<!-- This site is optimized with the Yoast SEO plugin v15.7 - https:\/\/yoast.com\/wordpress\/plugins\/seo\/ -->\n<title>Dienstleistungen &ndash; Balloonservice.lt<\/title>\n<meta name=\"robots\" content=\"index, follow, max-snippet:-1, max-image-preview:large, max-video-preview:-1\" \/>\n<link rel=\"canonical\" href=\"https:\/\/balloonservice.lt\/lt\/paslaugos\/\" \/>\n<meta property=\"og:locale\" content=\"de_DE\" \/>\n<meta property=\"og:type\" content=\"article\" \/>\n<meta property=\"og:title\" content=\"Dienstleistungen &ndash; Balloonservice.lt\" \/>\n<meta property=\"og:description\" content=\"Unser Unternehmen erbringt verschiedene Dienstleistungen im Bereich von Gasballons. Wir bieten folgende Dienstleistungen an: Technische \u00dcberwachung des Luftballons und seiner Vorrichtungen. Reparatur von Hei\u00dfluftballons, sowohl des Stoffes, als auch aller Vorrichtungen. Werbung auf dem Hei\u00dfluftballon.\" \/>\n<meta property=\"og:url\" content=\"https:\/\/balloonservice.lt\/lt\/paslaugos\/\" \/>\n<meta property=\"og:site_name\" content=\"Balloonservice.lt\" \/>\n<meta property=\"article:publisher\" content=\"https:\/\/www.facebook.com\/HotAirBalloonService\/\" \/>\n<meta property=\"article:modified_time\" content=\"2017-12-17T20:36:04+00:00\" \/>\n<meta property=\"og:image\" content=\"https:\/\/i0.wp.com\/balloonservice.lt\/wp-content\/uploads\/2016\/09\/cropped-Balloonservice-logo.png?fit=280%2C135&#038;ssl=1\" \/>\n\t<meta property=\"og:image:width\" content=\"280\" \/>\n\t<meta property=\"og:image:height\" content=\"135\" \/>\n<meta name=\"twitter:card\" content=\"summary_large_image\" \/>\n<meta name=\"twitter:label1\" content=\"Gesch\u00e4tzte Lesezeit\">\n\t<meta name=\"twitter:data1\" content=\"1\u00a0Minute\">\n<script type=\"application\/ld+json\" class=\"yoast-schema-graph\">{\"@context\":\"https:\/\/schema.org\",\"@graph\":[{\"@type\":\"WebSite\",\"@id\":\"https:\/\/balloonservice.lt\/lt\/#website\",\"url\":\"https:\/\/balloonservice.lt\/lt\/\",\"name\":\"Balloonservice.lt\",\"description\":\"Reparatur von Gasballons und technische \\u00dcberwachung\",\"potentialAction\":[{\"@type\":\"SearchAction\",\"target\":\"https:\/\/balloonservice.lt\/lt\/?s={search_term_string}\",\"query-input\":\"required name=search_term_string\"}],\"inLanguage\":\"de\"},{\"@type\":\"WebPage\",\"@id\":\"https:\/\/balloonservice.lt\/lt\/paslaugos\/#webpage\",\"url\":\"https:\/\/balloonservice.lt\/lt\/paslaugos\/\",\"name\":\"Dienstleistungen &ndash; Balloonservice.lt\",\"isPartOf\":{\"@id\":\"https:\/\/balloonservice.lt\/lt\/#website\"},\"datePublished\":\"2014-01-05T15:04:53+00:00\",\"dateModified\":\"2017-12-17T20:36:04+00:00\",\"inLanguage\":\"de\",\"potentialAction\":[{\"@type\":\"ReadAction\",\"target\":[\"https:\/\/balloonservice.lt\/lt\/paslaugos\/\"]}]}]}<\/script>\n<!-- \/ Yoast SEO plugin. -->","jetpack_sharing_enabled":true,"jetpack_shortlink":"https:\/\/wp.me\/P8r1Th-r","_links":{"self":[{"href":"https:\/\/balloonservice.lt\/de\/wp-json\/wp\/v2\/pages\/27"}],"collection":[{"href":"https:\/\/balloonservice.lt\/de\/wp-json\/wp\/v2\/pages"}],"about":[{"href":"https:\/\/balloonservice.lt\/de\/wp-json\/wp\/v2\/types\/page"}],"author":[{"embeddable":true,"href":"https:\/\/balloonservice.lt\/de\/wp-json\/wp\/v2\/users\/1"}],"replies":[{"embeddable":true,"href":"https:\/\/balloonservice.lt\/de\/wp-json\/wp\/v2\/comments?post=27"}],"version-history":[{"count":13,"href":"https:\/\/balloonservice.lt\/de\/wp-json\/wp\/v2\/pages\/27\/revisions"}],"predecessor-version":[{"id":400,"href":"https:\/\/balloonservice.lt\/de\/wp-json\/wp\/v2\/pages\/27\/revisions\/400"}],"wp:attachment":[{"href":"https:\/\/balloonservice.lt\/de\/wp-json\/wp\/v2\/media?parent=27"}],"curies":[{"name":"wp","href":"https:\/\/api.w.org\/{rel}","templated":true}]}}