{"id":25,"date":"2014-01-05T15:04:35","date_gmt":"2014-01-05T15:04:35","guid":{"rendered":"http:\/\/skelbtinis.lt\/?page_id=25"},"modified":"2017-12-21T15:20:44","modified_gmt":"2017-12-21T13:20:44","slug":"apie-mus","status":"publish","type":"page","link":"https:\/\/balloonservice.lt\/de\/","title":{"rendered":"\u00dcber uns"},"content":{"rendered":"<p><a href=\"https:\/\/i1.wp.com\/balloonservice.lt\/wp-content\/uploads\/2014\/01\/Degikliu-remontas.jpg\" rel=\"lightbox-0\"><img loading=\"lazy\" class=\"alignright wp-image-181 size-medium\" src=\"https:\/\/i2.wp.com\/balloonservice.lt\/wp-content\/uploads\/2014\/01\/Degikliu-remontas-300x225.jpg?resize=300%2C225\" alt=\"Burner-repair\" width=\"300\" height=\"225\" srcset=\"https:\/\/i1.wp.com\/balloonservice.lt\/wp-content\/uploads\/2014\/01\/Degikliu-remontas.jpg?resize=300%2C225&amp;ssl=1 300w, https:\/\/i1.wp.com\/balloonservice.lt\/wp-content\/uploads\/2014\/01\/Degikliu-remontas.jpg?resize=768%2C576&amp;ssl=1 768w, https:\/\/i1.wp.com\/balloonservice.lt\/wp-content\/uploads\/2014\/01\/Degikliu-remontas.jpg?w=1024&amp;ssl=1 1024w\" sizes=\"(max-width: 300px) 100vw, 300px\" data-recalc-dims=\"1\" \/><\/a><\/p>\n<p>Die Luftfahrt in Litauen hat sich innerhalb der letzten 20 Jahren rasch entwickelt. Die Anzahl der Gasballons ist j\u00e4hrlich gestiegen , deswegen hat \u201eBalloonservice\u201c mit ihrer T\u00e4tigkeit angefangen.<\/p>\n<p>Wir haben schon \u00fcber 25-j\u00e4hrige Erfahrung. Zun\u00e4chst wurden nur Passagiere bef\u00f6rdert, sp\u00e4ter hat die T\u00e4tigkeit stark zugenommen. Da f\u00fcr <strong><b>Hei\u00dfluftballons<\/b><\/strong>, die f\u00fcr Fl\u00fcge verwendet wurden, wie auch f\u00fcr die ganze andere Technik war (und ist immer noch)\u00a0 technische Wartung notwendig. Eben aus diesem Grund hat \u201eBalloonservice\u201c ihr erstes Zertifikat der technischen Wartung vom Unternehmen \u201eCameron Balloons\u201c bekommen.<\/p>\n<p>Heutzutage kann \u201eBalloonservice\u201c nicht nur Passagierbef\u00f6rderung, sondern auch andere Dienstleistungen anbieten.\u00a0 Bei uns werden folgende Dienstleistungen erbracht: <a href=\"http:\/\/balloonservice.lt\/de\/dienstleistungen\/reparatur-von-heisluftballons\/\" target=\"_blank\" rel=\"noopener\"><strong>Reparatur von <b>Hei\u00dfluftballon<\/b>s<\/strong><\/a>, <a href=\"http:\/\/balloonservice.lt\/de\/dienstleistungen\/werbung-auf-dem-heisluftballon\/\" target=\"_blank\" rel=\"noopener\"><strong>Werbung auf dem <b>Hei\u00dfluftballon<\/b><\/strong><\/a>, <strong>technische \u00dcberwachung. <\/strong>Ebenfalls werden Kleinarbeiten durchgef\u00fchrt, wie z.B., Instandshaltungsarbeiten an Brennern, Korbflechten oder Reparatur, sowie Ausbesserung von Ballonh\u00fcllen oder andere Reparatur, je nach den Bed\u00fcrfnissen der Kunden. Wir stellen auch die EASA 1 Form aus, die allen Anforderungen der Europ\u00e4ischen Union entspricht.<\/p>\n<p>Alle angef\u00fchrten Dienstleistungen werden in den R\u00e4umen von \u201eBalloonservice\u201c\u00a0 erbracht, die in einem der \u00e4ltesten und noch t\u00e4tigen Europ\u00e4ischen Lufth\u00e4fen (im Gebiet des Flughafens Aleksoto in Kaunas) errichtet sind. Allerdings hat der Flughafen Dariaus ir Gir\u0117no von Kaunas vor kurzem sein 90-j\u00e4hriges Jubil\u00e4um gefeiert.<\/p>\n<p>Wir freuen uns, dass \u201eBalloonservice\u201c\u00a0 sie einzigen in den Baltischen L\u00e4ndern sind, die derartige Dienstleistungen anbieten. Wir haben in unserer langj\u00e4hrigen T\u00e4tigkeit grosses Vertrauen von unseren Kunden gewonnen, da wir stets nur hochwertige Dienstleistungen anbieten!<\/p>","protected":false},"excerpt":{"rendered":"<p>Die Luftfahrt in Litauen hat sich innerhalb der letzten 20 Jahren rasch entwickelt. Die Anzahl der Gasballons ist j\u00e4hrlich gestiegen , deswegen hat \u201eBalloonservice\u201c mit ihrer T\u00e4tigkeit angefangen. Wir haben schon \u00fcber 25-j\u00e4hrige Erfahrung. Zun\u00e4chst wurden nur Passagiere bef\u00f6rdert, sp\u00e4ter hat die T\u00e4tigkeit stark zugenommen. Da f\u00fcr Hei\u00dfluftballons, die f\u00fcr &hellip;<\/p>\n","protected":false},"author":1,"featured_media":0,"parent":0,"menu_order":0,"comment_status":"closed","ping_status":"closed","template":"","meta":{"_monsterinsights_skip_tracking":false,"_monsterinsights_sitenote_active":false,"_monsterinsights_sitenote_note":"","_monsterinsights_sitenote_category":0,"spay_email":""},"yoast_head":"<!-- This site is optimized with the Yoast SEO plugin v15.7 - https:\/\/yoast.com\/wordpress\/plugins\/seo\/ -->\n<title>Oro balion\u0173 remontas ir technin\u0117 prie\u017ei\u016bra<\/title>\n<meta name=\"description\" content=\"M\u016bs\u0173 paslaugos apima: kar\u0161to oro balion\u0173 remont\u0105, reklamuojant kar\u0161to oro balionus ir keleivi\u0173 skryd\u017eius Europoje.\" \/>\n<meta name=\"robots\" content=\"index, follow, max-snippet:-1, max-image-preview:large, max-video-preview:-1\" \/>\n<link rel=\"canonical\" href=\"https:\/\/balloonservice.lt\/lt\/\" \/>\n<meta property=\"og:locale\" content=\"de_DE\" \/>\n<meta property=\"og:type\" content=\"article\" \/>\n<meta property=\"og:title\" content=\"Oro balion\u0173 remontas ir technin\u0117 prie\u017ei\u016bra\" \/>\n<meta property=\"og:description\" content=\"M\u016bs\u0173 paslaugos apima: kar\u0161to oro balion\u0173 remont\u0105, reklamuojant kar\u0161to oro balionus ir keleivi\u0173 skryd\u017eius Europoje.\" \/>\n<meta property=\"og:url\" content=\"https:\/\/balloonservice.lt\/lt\/\" \/>\n<meta property=\"og:site_name\" content=\"Balloonservice.lt\" \/>\n<meta property=\"article:publisher\" content=\"https:\/\/www.facebook.com\/HotAirBalloonService\/\" \/>\n<meta property=\"article:modified_time\" content=\"2017-12-21T13:20:44+00:00\" \/>\n<meta property=\"og:image\" content=\"http:\/\/balloonservice.lt\/wp-content\/uploads\/2014\/01\/Degikliu-remontas-300x225.jpg\" \/>\n<meta name=\"twitter:card\" content=\"summary_large_image\" \/>\n<meta name=\"twitter:label1\" content=\"Gesch\u00e4tzte Lesezeit\">\n\t<meta name=\"twitter:data1\" content=\"5\u00a0Minuten\">\n<script type=\"application\/ld+json\" class=\"yoast-schema-graph\">{\"@context\":\"https:\/\/schema.org\",\"@graph\":[{\"@type\":\"WebSite\",\"@id\":\"https:\/\/balloonservice.lt\/lt\/#website\",\"url\":\"https:\/\/balloonservice.lt\/lt\/\",\"name\":\"Balloonservice.lt\",\"description\":\"Reparatur von Gasballons und technische \\u00dcberwachung\",\"potentialAction\":[{\"@type\":\"SearchAction\",\"target\":\"https:\/\/balloonservice.lt\/lt\/?s={search_term_string}\",\"query-input\":\"required name=search_term_string\"}],\"inLanguage\":\"de\"},{\"@type\":\"ImageObject\",\"@id\":\"https:\/\/balloonservice.lt\/lt\/#primaryimage\",\"inLanguage\":\"de\",\"url\":\"http:\/\/balloonservice.lt\/wp-content\/uploads\/2014\/01\/Degikliu-remontas-300x225.jpg\"},{\"@type\":\"WebPage\",\"@id\":\"https:\/\/balloonservice.lt\/lt\/#webpage\",\"url\":\"https:\/\/balloonservice.lt\/lt\/\",\"name\":\"Oro balion\\u0173 remontas ir technin\\u0117 prie\\u017ei\\u016bra\",\"isPartOf\":{\"@id\":\"https:\/\/balloonservice.lt\/lt\/#website\"},\"primaryImageOfPage\":{\"@id\":\"https:\/\/balloonservice.lt\/lt\/#primaryimage\"},\"datePublished\":\"2014-01-05T15:04:35+00:00\",\"dateModified\":\"2017-12-21T13:20:44+00:00\",\"description\":\"M\\u016bs\\u0173 paslaugos apima: kar\\u0161to oro balion\\u0173 remont\\u0105, reklamuojant kar\\u0161to oro balionus ir keleivi\\u0173 skryd\\u017eius Europoje.\",\"inLanguage\":\"de\",\"potentialAction\":[{\"@type\":\"ReadAction\",\"target\":[\"https:\/\/balloonservice.lt\/lt\/\"]}]}]}<\/script>\n<!-- \/ Yoast SEO plugin. -->","jetpack_sharing_enabled":true,"jetpack_shortlink":"https:\/\/wp.me\/P8r1Th-p","_links":{"self":[{"href":"https:\/\/balloonservice.lt\/de\/wp-json\/wp\/v2\/pages\/25"}],"collection":[{"href":"https:\/\/balloonservice.lt\/de\/wp-json\/wp\/v2\/pages"}],"about":[{"href":"https:\/\/balloonservice.lt\/de\/wp-json\/wp\/v2\/types\/page"}],"author":[{"embeddable":true,"href":"https:\/\/balloonservice.lt\/de\/wp-json\/wp\/v2\/users\/1"}],"replies":[{"embeddable":true,"href":"https:\/\/balloonservice.lt\/de\/wp-json\/wp\/v2\/comments?post=25"}],"version-history":[{"count":54,"href":"https:\/\/balloonservice.lt\/de\/wp-json\/wp\/v2\/pages\/25\/revisions"}],"predecessor-version":[{"id":397,"href":"https:\/\/balloonservice.lt\/de\/wp-json\/wp\/v2\/pages\/25\/revisions\/397"}],"wp:attachment":[{"href":"https:\/\/balloonservice.lt\/de\/wp-json\/wp\/v2\/media?parent=25"}],"curies":[{"name":"wp","href":"https:\/\/api.w.org\/{rel}","templated":true}]}}