{"id":2,"date":"2014-01-04T12:31:02","date_gmt":"2014-01-04T12:31:02","guid":{"rendered":"http:\/\/skelbtinis.lt\/?page_id=2"},"modified":"2018-04-25T15:30:33","modified_gmt":"2018-04-25T13:30:33","slug":"oro-balionu-remontas","status":"publish","type":"page","link":"https:\/\/balloonservice.lt\/de\/dienstleistungen\/reparatur-von-heisluftballons\/","title":{"rendered":"Reparatur von Hei\u00dfluftballons"},"content":{"rendered":"<p><strong>Reparatur von <b>Hei\u00dfluftballon<\/b>s<\/strong> ist die Arbeit, die wir verg\u00f6ttern. \u00a0Wir reparieren mit Vergn\u00fcgen verschiedene Technik der Gasballons. Wir f\u00fchren Modernisierungs- und \u00dcberholungsarbeiten durch. Das umfasst Gasballons von verschiedenen Modellen und Herstellern: Cameron Balloons, Ultra Magic, Kubi\u010diak,\u00a0Schroeder. Nat\u00fcrlich, beschr\u00e4nkt sich unsere Arbeit sich nicht nur auf den Teil des Ballons aus Stoff. Wir reparieren auch andere Teile des Luftballons.<\/p>\n<p>Bei uns werden repariert:<\/p>\n<ul>\n<li>Die H\u00fcllen von Gasballons (Risse, L\u00f6cher oder \u00dcberhohlungsarbeiten);<\/li>\n<li>K\u00f6rbe (ausbesserung der allten oder Flechten von neuen) ;<\/li>\n<li>Brenner (Reinigung, Wartung und Austausch von Teilen);<\/li>\n<li>Ventilatoren (Wartung oder Herstellung von neuen);<\/li>\n<li>Gasballons (Pr\u00fcfung, Austausch von Klappen).<\/li>\n<\/ul>\n<p>Wir fertigen auch kleinere Teile: f\u00fcr Wettk\u00e4mpfe bestimmte Wurfmarker, f\u00fcr Piloten bestimmte Handtaschen, Taschen f\u00fcr Radiosender, Feuerl\u00f6scher, Erste-Hilfe-Massnahmen.<\/p>","protected":false},"excerpt":{"rendered":"<p>Reparatur von Hei\u00dfluftballons ist die Arbeit, die wir verg\u00f6ttern. \u00a0Wir reparieren mit Vergn\u00fcgen verschiedene Technik der Gasballons. Wir f\u00fchren Modernisierungs- und \u00dcberholungsarbeiten durch. Das umfasst Gasballons von verschiedenen Modellen und Herstellern: Cameron Balloons, Ultra Magic, Kubi\u010diak,\u00a0Schroeder. Nat\u00fcrlich, beschr\u00e4nkt sich unsere Arbeit sich nicht nur auf den Teil des Ballons aus &hellip;<\/p>\n","protected":false},"author":1,"featured_media":0,"parent":27,"menu_order":0,"comment_status":"closed","ping_status":"closed","template":"","meta":{"_monsterinsights_skip_tracking":false,"_monsterinsights_sitenote_active":false,"_monsterinsights_sitenote_note":"","_monsterinsights_sitenote_category":0,"spay_email":""},"yoast_head":"<!-- This site is optimized with the Yoast SEO plugin v15.7 - https:\/\/yoast.com\/wordpress\/plugins\/seo\/ -->\n<title>Reparatur von Hei\u00dfluftballons &ndash; Balloonservice.lt<\/title>\n<meta name=\"robots\" content=\"index, follow, max-snippet:-1, max-image-preview:large, max-video-preview:-1\" \/>\n<link rel=\"canonical\" href=\"https:\/\/balloonservice.lt\/lt\/paslaugos\/oro-balionu-remontas\/\" \/>\n<meta property=\"og:locale\" content=\"de_DE\" \/>\n<meta property=\"og:type\" content=\"article\" \/>\n<meta property=\"og:title\" content=\"Reparatur von Hei\u00dfluftballons &ndash; Balloonservice.lt\" \/>\n<meta property=\"og:description\" content=\"Reparatur von Hei\u00dfluftballons ist die Arbeit, die wir verg\u00f6ttern. \u00a0Wir reparieren mit Vergn\u00fcgen verschiedene Technik der Gasballons. Wir f\u00fchren Modernisierungs- und \u00dcberholungsarbeiten durch. Das umfasst Gasballons von verschiedenen Modellen und Herstellern: Cameron Balloons, Ultra Magic, Kubi\u010diak,\u00a0Schroeder. Nat\u00fcrlich, beschr\u00e4nkt sich unsere Arbeit sich nicht nur auf den Teil des Ballons aus &hellip;\" \/>\n<meta property=\"og:url\" content=\"https:\/\/balloonservice.lt\/lt\/paslaugos\/oro-balionu-remontas\/\" \/>\n<meta property=\"og:site_name\" content=\"Balloonservice.lt\" \/>\n<meta property=\"article:publisher\" content=\"https:\/\/www.facebook.com\/HotAirBalloonService\/\" \/>\n<meta property=\"article:modified_time\" content=\"2018-04-25T13:30:33+00:00\" \/>\n<meta property=\"og:image\" content=\"https:\/\/i0.wp.com\/balloonservice.lt\/wp-content\/uploads\/2016\/09\/cropped-Balloonservice-logo.png?fit=280%2C135&#038;ssl=1\" \/>\n\t<meta property=\"og:image:width\" content=\"280\" \/>\n\t<meta property=\"og:image:height\" content=\"135\" \/>\n<meta name=\"twitter:card\" content=\"summary_large_image\" \/>\n<meta name=\"twitter:label1\" content=\"Gesch\u00e4tzte Lesezeit\">\n\t<meta name=\"twitter:data1\" content=\"2\u00a0Minuten\">\n<script type=\"application\/ld+json\" class=\"yoast-schema-graph\">{\"@context\":\"https:\/\/schema.org\",\"@graph\":[{\"@type\":\"WebSite\",\"@id\":\"https:\/\/balloonservice.lt\/lt\/#website\",\"url\":\"https:\/\/balloonservice.lt\/lt\/\",\"name\":\"Balloonservice.lt\",\"description\":\"Reparatur von Gasballons und technische \\u00dcberwachung\",\"potentialAction\":[{\"@type\":\"SearchAction\",\"target\":\"https:\/\/balloonservice.lt\/lt\/?s={search_term_string}\",\"query-input\":\"required name=search_term_string\"}],\"inLanguage\":\"de\"},{\"@type\":\"WebPage\",\"@id\":\"https:\/\/balloonservice.lt\/lt\/paslaugos\/oro-balionu-remontas\/#webpage\",\"url\":\"https:\/\/balloonservice.lt\/lt\/paslaugos\/oro-balionu-remontas\/\",\"name\":\"Reparatur von Hei\\u00dfluftballons &ndash; Balloonservice.lt\",\"isPartOf\":{\"@id\":\"https:\/\/balloonservice.lt\/lt\/#website\"},\"datePublished\":\"2014-01-04T12:31:02+00:00\",\"dateModified\":\"2018-04-25T13:30:33+00:00\",\"inLanguage\":\"de\",\"potentialAction\":[{\"@type\":\"ReadAction\",\"target\":[\"https:\/\/balloonservice.lt\/lt\/paslaugos\/oro-balionu-remontas\/\"]}]}]}<\/script>\n<!-- \/ Yoast SEO plugin. -->","jetpack_sharing_enabled":true,"jetpack_shortlink":"https:\/\/wp.me\/P8r1Th-2","_links":{"self":[{"href":"https:\/\/balloonservice.lt\/de\/wp-json\/wp\/v2\/pages\/2"}],"collection":[{"href":"https:\/\/balloonservice.lt\/de\/wp-json\/wp\/v2\/pages"}],"about":[{"href":"https:\/\/balloonservice.lt\/de\/wp-json\/wp\/v2\/types\/page"}],"author":[{"embeddable":true,"href":"https:\/\/balloonservice.lt\/de\/wp-json\/wp\/v2\/users\/1"}],"replies":[{"embeddable":true,"href":"https:\/\/balloonservice.lt\/de\/wp-json\/wp\/v2\/comments?post=2"}],"version-history":[{"count":11,"href":"https:\/\/balloonservice.lt\/de\/wp-json\/wp\/v2\/pages\/2\/revisions"}],"predecessor-version":[{"id":423,"href":"https:\/\/balloonservice.lt\/de\/wp-json\/wp\/v2\/pages\/2\/revisions\/423"}],"up":[{"embeddable":true,"href":"https:\/\/balloonservice.lt\/de\/wp-json\/wp\/v2\/pages\/27"}],"wp:attachment":[{"href":"https:\/\/balloonservice.lt\/de\/wp-json\/wp\/v2\/media?parent=2"}],"curies":[{"name":"wp","href":"https:\/\/api.w.org\/{rel}","templated":true}]}}